{"id":3643,"date":"2026-04-03T13:50:51","date_gmt":"2026-04-03T06:50:51","guid":{"rendered":"https:\/\/sinopecvietnam.com.vn\/san-pham\/%e4%b8%ad%e5%9b%bd%e7%9f%b3%e5%8c%96-%e8%88%b9%e7%94%a8%e4%b8%ad%e9%80%9f%e7%ad%92%e7%8a%b6%e6%b4%bb%e5%a1%9e%e5%8f%91%e5%8a%a8%e6%9c%ba%e6%b2%b9-3015\/"},"modified":"2026-04-03T13:50:51","modified_gmt":"2026-04-03T06:50:51","slug":"%e4%b8%ad%e5%9b%bd%e7%9f%b3%e5%8c%96-%e8%88%b9%e7%94%a8%e4%b8%ad%e9%80%9f%e7%ad%92%e7%8a%b6%e6%b4%bb%e5%a1%9e%e5%8f%91%e5%8a%a8%e6%9c%ba%e6%b2%b9-3015","status":"publish","type":"product","link":"https:\/\/sinopecvietnam.com.vn\/zh-hans\/san-pham\/%e4%b8%ad%e5%9b%bd%e7%9f%b3%e5%8c%96-%e8%88%b9%e7%94%a8%e4%b8%ad%e9%80%9f%e7%ad%92%e7%8a%b6%e6%b4%bb%e5%a1%9e%e5%8f%91%e5%8a%a8%e6%9c%ba%e6%b2%b9-3015\/","title":{"rendered":"\u4e2d\u56fd\u77f3\u5316 \u8239\u7528\u4e2d\u901f\u7b52\u72b6\u6d3b\u585e\u53d1\u52a8\u673a\u6cb9 3015"},"content":{"rendered":"<p data-path-to-node=\"6\">Sinopec Marine TPEO 3015 \u662f\u4e00\u7c7b\u4e13\u4e3a\u4f7f\u7528\u91cd\u6cb9 (HFO) \u6216\u8239\u7528\u67f4\u6cb9 (MDO)\uff08\u542b\u786b\u91cf\u6700\u9ad8\u8fbe 1.5%\uff09\u7684\u4e2d\u901f\u67f4\u6cb9\u673a\u800c\u8bbe\u8ba1\u7684\u9ad8\u6027\u80fd\u7b52\u72b6\u6d3b\u585e\u53d1\u52a8\u673a\u6cb9\u3002<\/p>\n<p data-path-to-node=\"7\">\u672c\u4ea7\u54c1\u7531\u4f18\u8d28\u7cbe\u5236\u57fa\u7840\u6cb9\u4e0e\u591a\u529f\u80fd\u6dfb\u52a0\u5242\u7cfb\u7edf\u8c03\u5236\u800c\u6210\uff0c\u5177\u6709\u4f18\u5f02\u7684\u6e05\u51c0\u6027\u80fd\uff0c\u53ef\u6709\u6548\u4fdd\u62a4\u53d1\u52a8\u673a\u5728\u9ad8\u8d1f\u8377\u5de5\u51b5\u4e0b\u514d\u53d7\u5316\u5b66\u8150\u8680\u3002<\/p>\n<hr data-path-to-node=\"8\">\n<h3 data-path-to-node=\"9\"><b data-path-to-node=\"9\" data-index-in-node=\"0\">\u6280\u672f\u7279\u70b9<\/b><\/h3>\n<ul data-path-to-node=\"10\">\n<li>\n<p data-path-to-node=\"10,0,0\">\u5353\u8d8a\u7684\u6e05\u51c0\u5206\u6563\u6027\uff1a \u51fa\u8272\u7684\u6d17\u6da4\u4e0e\u5206\u6563\u80fd\u529b\uff0c\u786e\u4fdd\u6d3b\u585e\u3001\u6d3b\u585e\u73af\u53ca\u66f2\u8f74\u7bb1\u6e05\u6d01\uff0c\u9632\u6b62\u6cb9\u6ce5\u4e0e\u6c89\u79ef\u7269\u751f\u6210\u3002<\/p>\n<\/li>\n<li>\n<p data-path-to-node=\"10,1,0\">\u9ad8\u6548\u9178\u4e2d\u548c\u80fd\u529b (TBN 15)\uff1a \u6709\u6548\u4e2d\u548c\u71c3\u6cb9\u71c3\u70e7\u4ea7\u751f\u7684\u9178\u6027\u4ea7\u7269\uff0c\u4fdd\u62a4\u8f74\u627f\u53ca\u6c14\u7f38\u5957\u514d\u53d7\u8150\u8680\u3002<\/p>\n<\/li>\n<li>\n<p data-path-to-node=\"10,2,0\"><b data-path-to-node=\"10,2,0\" data-index-in-node=\"0\">\u4f18<\/b>\u5f02\u7684\u70ed\u6c27\u5316\u5b89\u5b9a\u6027\uff1a \u5728\u6301\u7eed\u9ad8\u6e29\u8fd0\u884c\u5de5\u51b5\u4e0b\uff0c\u4fdd\u6301\u6da6\u6ed1\u6cb9\u7a33\u5b9a\u6027\uff0c\u5ef6\u957f\u6362\u6cb9\u5468\u671f\u3002<\/p>\n<\/li>\n<li>\n<p data-path-to-node=\"10,3,0\">\u6781\u4f73\u7684\u5206\u6c34\u4e0e\u6742\u8d28\u5206\u79bb\u6027\u80fd\uff1a \u6613\u4e8e\u901a\u8fc7\u6ee4\u6e05\u5668\u548c\u79bb\u5fc3\u5206\u79bb\u673a\u53bb\u9664\u6c34\u5206\u53ca\u56fa\u4f53\u6742\u8d28\uff0c\u786e\u4fdd\u6da6\u6ed1\u6548\u80fd\u3002<\/p>\n<\/li>\n<li>\n<p data-path-to-node=\"10,4,0\">\u5353\u8d8a\u7684\u6297\u78e8\u6027\u80fd\uff1a \u4e3a\u51f8\u8f6e\u3001\u633a\u6746\u53ca\u9f7f\u8f6e\u4f20\u52a8\u7cfb\u7edf\u63d0\u4f9b\u53ef\u9760\u7684\u6297\u78e8\u4fdd\u62a4\u3002<\/p>\n<\/li>\n<\/ul>\n<hr data-path-to-node=\"11\">\n<h3 data-path-to-node=\"12\"><b data-path-to-node=\"12\" data-index-in-node=\"0\">\u4e3b\u8981\u5e94\u7528<\/b><\/h3>\n<ul data-path-to-node=\"13\">\n<li>\n<p data-path-to-node=\"13,0,0\">\u4e3b\u673a\u4e0e\u53d1\u7535\u673a\uff1a \u9002\u7528\u4e8e\u5404\u7c7b\u4e2d\u901f\u53d1\u52a8\u673a\uff08\u5982 W\u00e4rtsil\u00e4, MAN Energy Solutions, MaK, Yanmar, Daihatsu \u7b49\uff09\u3002<\/p>\n<\/li>\n<li>\n<p data-path-to-node=\"13,1,0\">\u71c3\u6cb9\u9002\u914d\u6027\uff1a \u9002\u7528\u4e8e\u4f7f\u7528\u91cd\u8d28\u71c3\u6599\u6cb9\u6216\u4e2d\u8d28\u71c3\u6599\u6cb9\uff08\u542b\u786b\u91cf\u4f4e\u4e8e 1.5%\uff09\u7684\u53d1\u52a8\u673a\u3002<\/p>\n<\/li>\n<li>\n<p data-path-to-node=\"13,2,0\">\u8239\u7528\u8bbe\u5907\uff1a \u4e5f\u53ef\u7528\u4e8e\u5176\u4ed6\u5bf9 SAE 30 \u7ea7\u522b\u6709\u6e05\u51c0\u6027\u8981\u6c42\u7684\u8239\u7528\u9f7f\u8f6e\u53ca\u8f85\u52a9\u8bbe\u5907\u3002<\/p>\n<\/li>\n<\/ul>\n<hr data-path-to-node=\"14\">\n<h3 data-path-to-node=\"15\"><b data-path-to-node=\"15\" data-index-in-node=\"0\">\u5178\u578b\u6280\u672f\u53c2\u6570<\/b><\/h3>\n<table data-path-to-node=\"16\">\n<thead>\n<tr>\n<td><strong>\u9879\u76ee (Properties)<\/strong><\/td>\n<p><strong><\/p>\n<td><\/td>\n<td>\u8bd5\u9a8c\u65b9\u6cd5<br \/>\n\u5178\u578b\u6570\u503c<\/td>\n<p><\/strong><br \/>\n<\/tr>\n<\/thead>\n<tbody>\n<tr>\nS<\/p>\n<td>AE \u7c98\u5ea6\u7b49\u7ea7<\/td>\n<td><span data-path-to-node=\"16,1,1,0\">&#8211;<\/span><\/td>\n<td><span data-path-to-node=\"16,1,2,0\"><b data-path-to-node=\"16,1,2,0\" data-index-in-node=\"0\">30<\/b><\/span><\/td>\n<\/tr>\n<tr>\n<td>\u603b\u78b1\u503c (TBN),<\/td>\n<td><span data-path-to-node=\"16,2,1,0\">ASTM D2896<\/span><\/td>\n<td><span data-path-to-node=\"16,2,2,0\"><b data-path-to-node=\"16,2,2,0\" data-index-in-node=\"0\">15.0 mgKOH\/g<\/b><\/span><\/td>\n<\/tr>\n<tr>\n<td><span data-path-to-node=\"16,3,0,0\"><b data-path-to-node=\"16,3,0,0\" data-index-in-node=\"0\">\u8fd0\u52a8\u7c98\u5ea6 @ 100\u00b0C<\/b><\/span><\/td>\n<td><span data-path-to-node=\"16,3,1,0\">ASTM D445<\/span><\/td>\n<td><span data-path-to-node=\"16,3,2,0\">11.6 cSt<\/span><\/td>\n<\/tr>\n<tr>\n<td><span data-path-to-node=\"16,4,0,0\"><b data-path-to-node=\"16,4,0,0\" data-index-in-node=\"0\">\u7c98\u5ea6\u6307\u6570 (VI)<\/b><\/span><\/td>\n<td><span data-path-to-node=\"16,4,1,0\">ASTM D2270<\/span><\/td>\n<td><span data-path-to-node=\"16,4,2,0\">100<\/span><\/td>\n<\/tr>\n<tr>\n<td><span data-path-to-node=\"16,5,0,0\"><b data-path-to-node=\"16,5,0,0\" data-index-in-node=\"0\">\u95ea\u70b9 (Flash Point)<\/b><\/span><\/td>\n<td><span data-path-to-node=\"16,5,1,0\">ASTM D92<\/span><\/td>\n<td><span data-path-to-node=\"16,5,2,0\">240\u00b0C<\/span><\/td>\n<\/tr>\n<tr>\n<td><span data-path-to-node=\"16,6,0,0\"><b data-path-to-node=\"16,6,0,0\" data-index-in-node=\"0\">\u0110i\u1ec3m \u0111\u00f4ng \u0111\u1eb7c (Pour Point)<\/b><\/span><\/td>\n<td><span data-path-to-node=\"16,6,1,0\">ASTM D97<\/span><\/td>\n<td><span data-path-to-node=\"16,6,2,0\">-15\u00b0C<\/span><\/td>\n<\/tr>\n<\/tbody>\n<\/table>\n","protected":false},"excerpt":{"rendered":"<p>Sinopec Marine TPEO 3015 \u662f\u4e00\u7c7b\u4e13\u4e3a\u4f7f\u7528\u91cd\u6cb9 (HFO) \u6216\u8239\u7528\u67f4\u6cb9 (MDO)\uff08\u542b\u786b\u91cf\u6700\u9ad8\u8fbe 1.5%\uff09\u7684\u4e2d\u901f\u67f4\u6cb9\u673a\u800c\u8bbe\u8ba1\u7684\u9ad8\u6027\u80fd\u7b52\u72b6\u6d3b\u585e\u53d1\u52a8\u673a\u6cb9\u3002 \u672c\u4ea7\u54c1\u7531\u4f18\u8d28\u7cbe\u5236\u57fa\u7840\u6cb9\u4e0e\u591a\u529f\u80fd\u6dfb\u52a0\u5242\u7cfb\u7edf\u8c03\u5236\u800c\u6210\uff0c\u5177\u6709\u4f18\u5f02\u7684\u6e05\u51c0\u6027\u80fd\uff0c\u53ef\u6709\u6548\u4fdd\u62a4\u53d1\u52a8\u673a\u5728\u9ad8\u8d1f\u8377\u5de5\u51b5\u4e0b\u514d\u53d7\u5316\u5b66\u8150\u8680\u3002 \u6280\u672f\u7279\u70b9 \u5353\u8d8a\u7684\u6e05\u51c0\u5206\u6563\u6027\uff1a \u51fa\u8272\u7684\u6d17\u6da4\u4e0e\u5206\u6563\u80fd\u529b\uff0c\u786e\u4fdd\u6d3b\u585e\u3001\u6d3b\u585e\u73af\u53ca\u66f2\u8f74\u7bb1\u6e05\u6d01\uff0c\u9632\u6b62\u6cb9\u6ce5\u4e0e\u6c89\u79ef\u7269\u751f\u6210\u3002 \u9ad8\u6548\u9178\u4e2d\u548c\u80fd\u529b (TBN 15)\uff1a \u6709\u6548\u4e2d\u548c\u71c3\u6cb9\u71c3\u70e7\u4ea7\u751f\u7684\u9178\u6027\u4ea7\u7269\uff0c\u4fdd\u62a4\u8f74\u627f\u53ca\u6c14\u7f38\u5957\u514d\u53d7\u8150\u8680\u3002 \u4f18\u5f02\u7684\u70ed\u6c27\u5316\u5b89\u5b9a\u6027\uff1a \u5728\u6301\u7eed\u9ad8\u6e29\u8fd0\u884c\u5de5\u51b5\u4e0b\uff0c\u4fdd\u6301\u6da6\u6ed1\u6cb9\u7a33\u5b9a\u6027\uff0c\u5ef6\u957f\u6362\u6cb9\u5468\u671f\u3002 \u6781\u4f73\u7684\u5206\u6c34\u4e0e\u6742\u8d28\u5206\u79bb\u6027\u80fd\uff1a \u6613\u4e8e\u901a\u8fc7\u6ee4\u6e05\u5668\u548c\u79bb\u5fc3\u5206\u79bb\u673a\u53bb\u9664\u6c34\u5206\u53ca\u56fa\u4f53\u6742\u8d28\uff0c\u786e\u4fdd\u6da6\u6ed1\u6548\u80fd\u3002 \u5353\u8d8a\u7684\u6297\u78e8\u6027\u80fd\uff1a \u4e3a\u51f8\u8f6e\u3001\u633a\u6746\u53ca\u9f7f\u8f6e\u4f20\u52a8\u7cfb\u7edf\u63d0\u4f9b\u53ef\u9760\u7684\u6297\u78e8\u4fdd\u62a4\u3002 \u4e3b\u8981\u5e94\u7528 \u4e3b\u673a\u4e0e\u53d1\u7535\u673a\uff1a \u9002\u7528\u4e8e\u5404\u7c7b\u4e2d\u901f\u53d1\u52a8\u673a\uff08\u5982 W\u00e4rtsil\u00e4, MAN Energy Solutions, MaK, Yanmar, Daihatsu \u7b49\uff09\u3002 \u71c3\u6cb9\u9002\u914d\u6027\uff1a \u9002\u7528\u4e8e\u4f7f\u7528\u91cd\u8d28\u71c3\u6599\u6cb9\u6216\u4e2d\u8d28\u71c3\u6599\u6cb9\uff08\u542b\u786b\u91cf\u4f4e\u4e8e 1.5%\uff09\u7684\u53d1\u52a8\u673a\u3002 \u8239\u7528\u8bbe\u5907\uff1a \u4e5f\u53ef\u7528\u4e8e\u5176\u4ed6\u5bf9 SAE 30 \u7ea7\u522b\u6709\u6e05\u51c0\u6027\u8981\u6c42\u7684\u8239\u7528\u9f7f\u8f6e\u53ca\u8f85\u52a9\u8bbe\u5907\u3002 \u5178\u578b\u6280\u672f\u53c2\u6570 \u9879\u76ee (Properties) \u8bd5\u9a8c\u65b9\u6cd5 \u5178\u578b\u6570\u503c S AE \u7c98\u5ea6\u7b49\u7ea7 &#8211; 30 \u603b\u78b1\u503c (TBN), ASTM [&#8230;]\n","protected":false},"featured_media":2769,"template":"","meta":[],"product_brand":[],"product_cat":[190],"product_tag":[847,844,834,846,843,842,837,845,824,841],"class_list":{"0":"post-3643","1":"product","2":"type-product","3":"status-publish","4":"has-post-thumbnail","6":"product_cat--tpeo","7":"product_tag-847","8":"product_tag-dau-dong-co-trung-toc","9":"product_tag-dau-nhot-tau-thuy","10":"product_tag-dau-piston-than-dai","11":"product_tag-marine-tpeo-3015","12":"product_tag-sinopec-3015","13":"product_tag-sinopec-marine-oil","14":"product_tag-tbn-15","15":"product_tag-824","16":"product_tag-841","18":"first","19":"instock","20":"sold-individually","21":"shipping-taxable","22":"purchasable","23":"product-type-variable"},"yoast_head":"<!-- This site is optimized with the Yoast SEO Premium plugin v20.1 (Yoast SEO v27.1.1) - https:\/\/yoast.com\/product\/yoast-seo-premium-wordpress\/ -->\n<title>\u4e2d\u56fd\u77f3\u5316 \u8239\u7528\u4e2d\u901f\u7b52\u72b6\u6d3b\u585e\u53d1\u52a8\u673a\u6cb9 3015 - Sinopec Vi\u1ec7t Nam<\/title>\n<meta name=\"description\" content=\"\u4e2d\u56fd\u77f3\u5316 (Sinopec) Marine TPEO 3015 (SAE 30\/TBN 15) \u662f\u4e00\u6b3e\u9ad8\u6027\u80fd\u8239\u7528\u4e2d\u901f\u7b52\u72b6\u6d3b\u585e\u53d1\u52a8\u673a\u6cb9 (TPEO)\uff0c\u4e13\u4e3a\u71c3\u7528\u91cd\u6cb9 (HFO) \u6216\u8239\u7528\u67f4\u6cb9 (MDO) \u7684\u4e2d\u901f\u8239\u7528\u67f4\u6cb9\u673a\u800c\u8bbe\u8ba1\u3002\u8be5\u4ea7\u54c1\u5177\u5907\u5353\u8d8a\u7684\u6297\u78e8\u635f\u6027\u80fd\u4e0e\u51fa\u8272\u7684\u6e05\u51c0\u5206\u6563\u80fd\u529b\uff0c\u80fd\u591f\u6709\u6548\u4f18\u5316\u8239\u8236\u5f15\u64ce\u7684\u8fd0\u884c\u6548\u7387\u3002\" \/>\n<meta name=\"robots\" content=\"index, follow, max-snippet:-1, max-image-preview:large, max-video-preview:-1\" \/>\n<link rel=\"canonical\" href=\"https:\/\/sinopecvietnam.com.vn\/zh-hans\/san-pham\/\u4e2d\u56fd\u77f3\u5316-\u8239\u7528\u4e2d\u901f\u7b52\u72b6\u6d3b\u585e\u53d1\u52a8\u673a\u6cb9-3015\/\" \/>\n<meta property=\"og:locale\" content=\"zh_CN\" \/>\n<meta property=\"og:type\" content=\"article\" \/>\n<meta property=\"og:title\" content=\"\u4e2d\u56fd\u77f3\u5316 \u8239\u7528\u4e2d\u901f\u7b52\u72b6\u6d3b\u585e\u53d1\u52a8\u673a\u6cb9 3015\" \/>\n<meta property=\"og:description\" content=\"\u4e2d\u56fd\u77f3\u5316 (Sinopec) Marine TPEO 3015 (SAE 30\/TBN 15) \u662f\u4e00\u6b3e\u9ad8\u6027\u80fd\u8239\u7528\u4e2d\u901f\u7b52\u72b6\u6d3b\u585e\u53d1\u52a8\u673a\u6cb9 (TPEO)\uff0c\u4e13\u4e3a\u71c3\u7528\u91cd\u6cb9 (HFO) \u6216\u8239\u7528\u67f4\u6cb9 (MDO) \u7684\u4e2d\u901f\u8239\u7528\u67f4\u6cb9\u673a\u800c\u8bbe\u8ba1\u3002\u8be5\u4ea7\u54c1\u5177\u5907\u5353\u8d8a\u7684\u6297\u78e8\u635f\u6027\u80fd\u4e0e\u51fa\u8272\u7684\u6e05\u51c0\u5206\u6563\u80fd\u529b\uff0c\u80fd\u591f\u6709\u6548\u4f18\u5316\u8239\u8236\u5f15\u64ce\u7684\u8fd0\u884c\u6548\u7387\u3002\" \/>\n<meta property=\"og:url\" content=\"https:\/\/sinopecvietnam.com.vn\/zh-hans\/san-pham\/\u4e2d\u56fd\u77f3\u5316-\u8239\u7528\u4e2d\u901f\u7b52\u72b6\u6d3b\u585e\u53d1\u52a8\u673a\u6cb9-3015\/\" \/>\n<meta property=\"og:site_name\" content=\"Sinopec Vi\u1ec7t Nam\" \/>\n<meta property=\"article:publisher\" content=\"https:\/\/www.facebook.com\/PRANAVIETNAM\/\" \/>\n<meta property=\"og:image\" content=\"https:\/\/sinopecvietnam.com.vn\/wp-content\/uploads\/2026\/04\/DAU-MAY-DEN-4030-SINOPEC.jpg\" \/>\n\t<meta property=\"og:image:width\" content=\"1200\" \/>\n\t<meta property=\"og:image:height\" content=\"1800\" \/>\n\t<meta property=\"og:image:type\" content=\"image\/jpeg\" \/>\n<meta name=\"twitter:card\" content=\"summary_large_image\" \/>\n<script type=\"application\/ld+json\" class=\"yoast-schema-graph\">{\"@context\":\"https:\/\/schema.org\",\"@graph\":[{\"@type\":\"WebPage\",\"@id\":\"https:\/\/sinopecvietnam.com.vn\/zh-hans\/san-pham\/%e4%b8%ad%e5%9b%bd%e7%9f%b3%e5%8c%96-%e8%88%b9%e7%94%a8%e4%b8%ad%e9%80%9f%e7%ad%92%e7%8a%b6%e6%b4%bb%e5%a1%9e%e5%8f%91%e5%8a%a8%e6%9c%ba%e6%b2%b9-3015\/\",\"url\":\"https:\/\/sinopecvietnam.com.vn\/zh-hans\/san-pham\/%e4%b8%ad%e5%9b%bd%e7%9f%b3%e5%8c%96-%e8%88%b9%e7%94%a8%e4%b8%ad%e9%80%9f%e7%ad%92%e7%8a%b6%e6%b4%bb%e5%a1%9e%e5%8f%91%e5%8a%a8%e6%9c%ba%e6%b2%b9-3015\/\",\"name\":\"\u4e2d\u56fd\u77f3\u5316 \u8239\u7528\u4e2d\u901f\u7b52\u72b6\u6d3b\u585e\u53d1\u52a8\u673a\u6cb9 3015 - Sinopec Vi\u1ec7t Nam\",\"isPartOf\":{\"@id\":\"https:\/\/sinopecvietnam.com.vn\/#website\"},\"primaryImageOfPage\":{\"@id\":\"https:\/\/sinopecvietnam.com.vn\/zh-hans\/san-pham\/%e4%b8%ad%e5%9b%bd%e7%9f%b3%e5%8c%96-%e8%88%b9%e7%94%a8%e4%b8%ad%e9%80%9f%e7%ad%92%e7%8a%b6%e6%b4%bb%e5%a1%9e%e5%8f%91%e5%8a%a8%e6%9c%ba%e6%b2%b9-3015\/#primaryimage\"},\"image\":{\"@id\":\"https:\/\/sinopecvietnam.com.vn\/zh-hans\/san-pham\/%e4%b8%ad%e5%9b%bd%e7%9f%b3%e5%8c%96-%e8%88%b9%e7%94%a8%e4%b8%ad%e9%80%9f%e7%ad%92%e7%8a%b6%e6%b4%bb%e5%a1%9e%e5%8f%91%e5%8a%a8%e6%9c%ba%e6%b2%b9-3015\/#primaryimage\"},\"thumbnailUrl\":\"https:\/\/sinopecvietnam.com.vn\/wp-content\/uploads\/2026\/04\/DAU-MAY-DEN-4030-SINOPEC.jpg\",\"datePublished\":\"2026-04-03T06:50:51+00:00\",\"description\":\"\u4e2d\u56fd\u77f3\u5316 (Sinopec) Marine TPEO 3015 (SAE 30\/TBN 15) \u662f\u4e00\u6b3e\u9ad8\u6027\u80fd\u8239\u7528\u4e2d\u901f\u7b52\u72b6\u6d3b\u585e\u53d1\u52a8\u673a\u6cb9 (TPEO)\uff0c\u4e13\u4e3a\u71c3\u7528\u91cd\u6cb9 (HFO) \u6216\u8239\u7528\u67f4\u6cb9 (MDO) \u7684\u4e2d\u901f\u8239\u7528\u67f4\u6cb9\u673a\u800c\u8bbe\u8ba1\u3002\u8be5\u4ea7\u54c1\u5177\u5907\u5353\u8d8a\u7684\u6297\u78e8\u635f\u6027\u80fd\u4e0e\u51fa\u8272\u7684\u6e05\u51c0\u5206\u6563\u80fd\u529b\uff0c\u80fd\u591f\u6709\u6548\u4f18\u5316\u8239\u8236\u5f15\u64ce\u7684\u8fd0\u884c\u6548\u7387\u3002\",\"breadcrumb\":{\"@id\":\"https:\/\/sinopecvietnam.com.vn\/zh-hans\/san-pham\/%e4%b8%ad%e5%9b%bd%e7%9f%b3%e5%8c%96-%e8%88%b9%e7%94%a8%e4%b8%ad%e9%80%9f%e7%ad%92%e7%8a%b6%e6%b4%bb%e5%a1%9e%e5%8f%91%e5%8a%a8%e6%9c%ba%e6%b2%b9-3015\/#breadcrumb\"},\"inLanguage\":\"zh-CN\",\"potentialAction\":[{\"@type\":\"ReadAction\",\"target\":[\"https:\/\/sinopecvietnam.com.vn\/zh-hans\/san-pham\/%e4%b8%ad%e5%9b%bd%e7%9f%b3%e5%8c%96-%e8%88%b9%e7%94%a8%e4%b8%ad%e9%80%9f%e7%ad%92%e7%8a%b6%e6%b4%bb%e5%a1%9e%e5%8f%91%e5%8a%a8%e6%9c%ba%e6%b2%b9-3015\/\"]}]},{\"@type\":\"ImageObject\",\"inLanguage\":\"zh-CN\",\"@id\":\"https:\/\/sinopecvietnam.com.vn\/zh-hans\/san-pham\/%e4%b8%ad%e5%9b%bd%e7%9f%b3%e5%8c%96-%e8%88%b9%e7%94%a8%e4%b8%ad%e9%80%9f%e7%ad%92%e7%8a%b6%e6%b4%bb%e5%a1%9e%e5%8f%91%e5%8a%a8%e6%9c%ba%e6%b2%b9-3015\/#primaryimage\",\"url\":\"https:\/\/sinopecvietnam.com.vn\/wp-content\/uploads\/2026\/04\/DAU-MAY-DEN-4030-SINOPEC.jpg\",\"contentUrl\":\"https:\/\/sinopecvietnam.com.vn\/wp-content\/uploads\/2026\/04\/DAU-MAY-DEN-4030-SINOPEC.jpg\",\"width\":1200,\"height\":1800},{\"@type\":\"BreadcrumbList\",\"@id\":\"https:\/\/sinopecvietnam.com.vn\/zh-hans\/san-pham\/%e4%b8%ad%e5%9b%bd%e7%9f%b3%e5%8c%96-%e8%88%b9%e7%94%a8%e4%b8%ad%e9%80%9f%e7%ad%92%e7%8a%b6%e6%b4%bb%e5%a1%9e%e5%8f%91%e5%8a%a8%e6%9c%ba%e6%b2%b9-3015\/#breadcrumb\",\"itemListElement\":[{\"@type\":\"ListItem\",\"position\":1,\"name\":\"Trang ch\u1ee7\",\"item\":\"https:\/\/sinopecvietnam.com.vn\/zh-hans\/%e4%b8%ad%e5%9b%bd%e7%9f%b3%e5%8c%96%e8%b6%8a%e5%8d%97\/\"},{\"@type\":\"ListItem\",\"position\":2,\"name\":\"\u5546\u5e97\",\"item\":\"https:\/\/sinopecvietnam.com.vn\/zh-hans\/%e5%95%86%e5%ba%97\/\"},{\"@type\":\"ListItem\",\"position\":3,\"name\":\"\u4e2d\u56fd\u77f3\u5316 \u8239\u7528\u4e2d\u901f\u7b52\u72b6\u6d3b\u585e\u53d1\u52a8\u673a\u6cb9 3015\"}]},{\"@type\":\"WebSite\",\"@id\":\"https:\/\/sinopecvietnam.com.vn\/#website\",\"url\":\"https:\/\/sinopecvietnam.com.vn\/\",\"name\":\"Sinopec Vi\u1ec7t Nam | \u4e2d\u56fd\u77f3\u5316\u6da6\u6ed1\u6cb9\",\"description\":\"\u0110\u01a1n v\u1ecb cung c\u1ea5p s\u1ea3n ph\u1ea9m d\u1ea7u h\u00e0ng h\u1ea3i ch\u00ednh h\u00e3ng\",\"publisher\":{\"@id\":\"https:\/\/sinopecvietnam.com.vn\/#organization\"},\"potentialAction\":[{\"@type\":\"SearchAction\",\"target\":{\"@type\":\"EntryPoint\",\"urlTemplate\":\"https:\/\/sinopecvietnam.com.vn\/?s={search_term_string}\"},\"query-input\":{\"@type\":\"PropertyValueSpecification\",\"valueRequired\":true,\"valueName\":\"search_term_string\"}}],\"inLanguage\":\"zh-CN\"},{\"@type\":\"Organization\",\"@id\":\"https:\/\/sinopecvietnam.com.vn\/#organization\",\"name\":\"Sinopec Vi\u1ec7t Nam\",\"url\":\"https:\/\/sinopecvietnam.com.vn\/\",\"logo\":{\"@type\":\"ImageObject\",\"inLanguage\":\"zh-CN\",\"@id\":\"https:\/\/sinopecvietnam.com.vn\/#\/schema\/logo\/image\/\",\"url\":\"https:\/\/sinopecvietnam.com.vn\/wp-content\/uploads\/2026\/03\/sinopec-logo-png_seeklogo-284996.png\",\"contentUrl\":\"https:\/\/sinopecvietnam.com.vn\/wp-content\/uploads\/2026\/03\/sinopec-logo-png_seeklogo-284996.png\",\"width\":600,\"height\":600,\"caption\":\"Sinopec Vi\u1ec7t Nam\"},\"image\":{\"@id\":\"https:\/\/sinopecvietnam.com.vn\/#\/schema\/logo\/image\/\"},\"sameAs\":[\"https:\/\/www.facebook.com\/PRANAVIETNAM\/\"]}]}<\/script>\n<!-- \/ Yoast SEO Premium plugin. -->","yoast_head_json":{"title":"\u4e2d\u56fd\u77f3\u5316 \u8239\u7528\u4e2d\u901f\u7b52\u72b6\u6d3b\u585e\u53d1\u52a8\u673a\u6cb9 3015 - Sinopec Vi\u1ec7t Nam","description":"\u4e2d\u56fd\u77f3\u5316 (Sinopec) Marine TPEO 3015 (SAE 30\/TBN 15) \u662f\u4e00\u6b3e\u9ad8\u6027\u80fd\u8239\u7528\u4e2d\u901f\u7b52\u72b6\u6d3b\u585e\u53d1\u52a8\u673a\u6cb9 (TPEO)\uff0c\u4e13\u4e3a\u71c3\u7528\u91cd\u6cb9 (HFO) \u6216\u8239\u7528\u67f4\u6cb9 (MDO) \u7684\u4e2d\u901f\u8239\u7528\u67f4\u6cb9\u673a\u800c\u8bbe\u8ba1\u3002\u8be5\u4ea7\u54c1\u5177\u5907\u5353\u8d8a\u7684\u6297\u78e8\u635f\u6027\u80fd\u4e0e\u51fa\u8272\u7684\u6e05\u51c0\u5206\u6563\u80fd\u529b\uff0c\u80fd\u591f\u6709\u6548\u4f18\u5316\u8239\u8236\u5f15\u64ce\u7684\u8fd0\u884c\u6548\u7387\u3002","robots":{"index":"index","follow":"follow","max-snippet":"max-snippet:-1","max-image-preview":"max-image-preview:large","max-video-preview":"max-video-preview:-1"},"canonical":"https:\/\/sinopecvietnam.com.vn\/zh-hans\/san-pham\/\u4e2d\u56fd\u77f3\u5316-\u8239\u7528\u4e2d\u901f\u7b52\u72b6\u6d3b\u585e\u53d1\u52a8\u673a\u6cb9-3015\/","og_locale":"zh_CN","og_type":"article","og_title":"\u4e2d\u56fd\u77f3\u5316 \u8239\u7528\u4e2d\u901f\u7b52\u72b6\u6d3b\u585e\u53d1\u52a8\u673a\u6cb9 3015","og_description":"\u4e2d\u56fd\u77f3\u5316 (Sinopec) Marine TPEO 3015 (SAE 30\/TBN 15) \u662f\u4e00\u6b3e\u9ad8\u6027\u80fd\u8239\u7528\u4e2d\u901f\u7b52\u72b6\u6d3b\u585e\u53d1\u52a8\u673a\u6cb9 (TPEO)\uff0c\u4e13\u4e3a\u71c3\u7528\u91cd\u6cb9 (HFO) \u6216\u8239\u7528\u67f4\u6cb9 (MDO) \u7684\u4e2d\u901f\u8239\u7528\u67f4\u6cb9\u673a\u800c\u8bbe\u8ba1\u3002\u8be5\u4ea7\u54c1\u5177\u5907\u5353\u8d8a\u7684\u6297\u78e8\u635f\u6027\u80fd\u4e0e\u51fa\u8272\u7684\u6e05\u51c0\u5206\u6563\u80fd\u529b\uff0c\u80fd\u591f\u6709\u6548\u4f18\u5316\u8239\u8236\u5f15\u64ce\u7684\u8fd0\u884c\u6548\u7387\u3002","og_url":"https:\/\/sinopecvietnam.com.vn\/zh-hans\/san-pham\/\u4e2d\u56fd\u77f3\u5316-\u8239\u7528\u4e2d\u901f\u7b52\u72b6\u6d3b\u585e\u53d1\u52a8\u673a\u6cb9-3015\/","og_site_name":"Sinopec Vi\u1ec7t Nam","article_publisher":"https:\/\/www.facebook.com\/PRANAVIETNAM\/","og_image":[{"width":1200,"height":1800,"url":"https:\/\/sinopecvietnam.com.vn\/wp-content\/uploads\/2026\/04\/DAU-MAY-DEN-4030-SINOPEC.jpg","type":"image\/jpeg"}],"twitter_card":"summary_large_image","schema":{"@context":"https:\/\/schema.org","@graph":[{"@type":"WebPage","@id":"https:\/\/sinopecvietnam.com.vn\/zh-hans\/san-pham\/%e4%b8%ad%e5%9b%bd%e7%9f%b3%e5%8c%96-%e8%88%b9%e7%94%a8%e4%b8%ad%e9%80%9f%e7%ad%92%e7%8a%b6%e6%b4%bb%e5%a1%9e%e5%8f%91%e5%8a%a8%e6%9c%ba%e6%b2%b9-3015\/","url":"https:\/\/sinopecvietnam.com.vn\/zh-hans\/san-pham\/%e4%b8%ad%e5%9b%bd%e7%9f%b3%e5%8c%96-%e8%88%b9%e7%94%a8%e4%b8%ad%e9%80%9f%e7%ad%92%e7%8a%b6%e6%b4%bb%e5%a1%9e%e5%8f%91%e5%8a%a8%e6%9c%ba%e6%b2%b9-3015\/","name":"\u4e2d\u56fd\u77f3\u5316 \u8239\u7528\u4e2d\u901f\u7b52\u72b6\u6d3b\u585e\u53d1\u52a8\u673a\u6cb9 3015 - Sinopec Vi\u1ec7t Nam","isPartOf":{"@id":"https:\/\/sinopecvietnam.com.vn\/#website"},"primaryImageOfPage":{"@id":"https:\/\/sinopecvietnam.com.vn\/zh-hans\/san-pham\/%e4%b8%ad%e5%9b%bd%e7%9f%b3%e5%8c%96-%e8%88%b9%e7%94%a8%e4%b8%ad%e9%80%9f%e7%ad%92%e7%8a%b6%e6%b4%bb%e5%a1%9e%e5%8f%91%e5%8a%a8%e6%9c%ba%e6%b2%b9-3015\/#primaryimage"},"image":{"@id":"https:\/\/sinopecvietnam.com.vn\/zh-hans\/san-pham\/%e4%b8%ad%e5%9b%bd%e7%9f%b3%e5%8c%96-%e8%88%b9%e7%94%a8%e4%b8%ad%e9%80%9f%e7%ad%92%e7%8a%b6%e6%b4%bb%e5%a1%9e%e5%8f%91%e5%8a%a8%e6%9c%ba%e6%b2%b9-3015\/#primaryimage"},"thumbnailUrl":"https:\/\/sinopecvietnam.com.vn\/wp-content\/uploads\/2026\/04\/DAU-MAY-DEN-4030-SINOPEC.jpg","datePublished":"2026-04-03T06:50:51+00:00","description":"\u4e2d\u56fd\u77f3\u5316 (Sinopec) Marine TPEO 3015 (SAE 30\/TBN 15) \u662f\u4e00\u6b3e\u9ad8\u6027\u80fd\u8239\u7528\u4e2d\u901f\u7b52\u72b6\u6d3b\u585e\u53d1\u52a8\u673a\u6cb9 (TPEO)\uff0c\u4e13\u4e3a\u71c3\u7528\u91cd\u6cb9 (HFO) \u6216\u8239\u7528\u67f4\u6cb9 (MDO) \u7684\u4e2d\u901f\u8239\u7528\u67f4\u6cb9\u673a\u800c\u8bbe\u8ba1\u3002\u8be5\u4ea7\u54c1\u5177\u5907\u5353\u8d8a\u7684\u6297\u78e8\u635f\u6027\u80fd\u4e0e\u51fa\u8272\u7684\u6e05\u51c0\u5206\u6563\u80fd\u529b\uff0c\u80fd\u591f\u6709\u6548\u4f18\u5316\u8239\u8236\u5f15\u64ce\u7684\u8fd0\u884c\u6548\u7387\u3002","breadcrumb":{"@id":"https:\/\/sinopecvietnam.com.vn\/zh-hans\/san-pham\/%e4%b8%ad%e5%9b%bd%e7%9f%b3%e5%8c%96-%e8%88%b9%e7%94%a8%e4%b8%ad%e9%80%9f%e7%ad%92%e7%8a%b6%e6%b4%bb%e5%a1%9e%e5%8f%91%e5%8a%a8%e6%9c%ba%e6%b2%b9-3015\/#breadcrumb"},"inLanguage":"zh-CN","potentialAction":[{"@type":"ReadAction","target":["https:\/\/sinopecvietnam.com.vn\/zh-hans\/san-pham\/%e4%b8%ad%e5%9b%bd%e7%9f%b3%e5%8c%96-%e8%88%b9%e7%94%a8%e4%b8%ad%e9%80%9f%e7%ad%92%e7%8a%b6%e6%b4%bb%e5%a1%9e%e5%8f%91%e5%8a%a8%e6%9c%ba%e6%b2%b9-3015\/"]}]},{"@type":"ImageObject","inLanguage":"zh-CN","@id":"https:\/\/sinopecvietnam.com.vn\/zh-hans\/san-pham\/%e4%b8%ad%e5%9b%bd%e7%9f%b3%e5%8c%96-%e8%88%b9%e7%94%a8%e4%b8%ad%e9%80%9f%e7%ad%92%e7%8a%b6%e6%b4%bb%e5%a1%9e%e5%8f%91%e5%8a%a8%e6%9c%ba%e6%b2%b9-3015\/#primaryimage","url":"https:\/\/sinopecvietnam.com.vn\/wp-content\/uploads\/2026\/04\/DAU-MAY-DEN-4030-SINOPEC.jpg","contentUrl":"https:\/\/sinopecvietnam.com.vn\/wp-content\/uploads\/2026\/04\/DAU-MAY-DEN-4030-SINOPEC.jpg","width":1200,"height":1800},{"@type":"BreadcrumbList","@id":"https:\/\/sinopecvietnam.com.vn\/zh-hans\/san-pham\/%e4%b8%ad%e5%9b%bd%e7%9f%b3%e5%8c%96-%e8%88%b9%e7%94%a8%e4%b8%ad%e9%80%9f%e7%ad%92%e7%8a%b6%e6%b4%bb%e5%a1%9e%e5%8f%91%e5%8a%a8%e6%9c%ba%e6%b2%b9-3015\/#breadcrumb","itemListElement":[{"@type":"ListItem","position":1,"name":"Trang ch\u1ee7","item":"https:\/\/sinopecvietnam.com.vn\/zh-hans\/%e4%b8%ad%e5%9b%bd%e7%9f%b3%e5%8c%96%e8%b6%8a%e5%8d%97\/"},{"@type":"ListItem","position":2,"name":"\u5546\u5e97","item":"https:\/\/sinopecvietnam.com.vn\/zh-hans\/%e5%95%86%e5%ba%97\/"},{"@type":"ListItem","position":3,"name":"\u4e2d\u56fd\u77f3\u5316 \u8239\u7528\u4e2d\u901f\u7b52\u72b6\u6d3b\u585e\u53d1\u52a8\u673a\u6cb9 3015"}]},{"@type":"WebSite","@id":"https:\/\/sinopecvietnam.com.vn\/#website","url":"https:\/\/sinopecvietnam.com.vn\/","name":"Sinopec Vi\u1ec7t Nam | \u4e2d\u56fd\u77f3\u5316\u6da6\u6ed1\u6cb9","description":"\u0110\u01a1n v\u1ecb cung c\u1ea5p s\u1ea3n ph\u1ea9m d\u1ea7u h\u00e0ng h\u1ea3i ch\u00ednh h\u00e3ng","publisher":{"@id":"https:\/\/sinopecvietnam.com.vn\/#organization"},"potentialAction":[{"@type":"SearchAction","target":{"@type":"EntryPoint","urlTemplate":"https:\/\/sinopecvietnam.com.vn\/?s={search_term_string}"},"query-input":{"@type":"PropertyValueSpecification","valueRequired":true,"valueName":"search_term_string"}}],"inLanguage":"zh-CN"},{"@type":"Organization","@id":"https:\/\/sinopecvietnam.com.vn\/#organization","name":"Sinopec Vi\u1ec7t Nam","url":"https:\/\/sinopecvietnam.com.vn\/","logo":{"@type":"ImageObject","inLanguage":"zh-CN","@id":"https:\/\/sinopecvietnam.com.vn\/#\/schema\/logo\/image\/","url":"https:\/\/sinopecvietnam.com.vn\/wp-content\/uploads\/2026\/03\/sinopec-logo-png_seeklogo-284996.png","contentUrl":"https:\/\/sinopecvietnam.com.vn\/wp-content\/uploads\/2026\/03\/sinopec-logo-png_seeklogo-284996.png","width":600,"height":600,"caption":"Sinopec Vi\u1ec7t Nam"},"image":{"@id":"https:\/\/sinopecvietnam.com.vn\/#\/schema\/logo\/image\/"},"sameAs":["https:\/\/www.facebook.com\/PRANAVIETNAM\/"]}]}},"_links":{"self":[{"href":"https:\/\/sinopecvietnam.com.vn\/zh-hans\/wp-json\/wp\/v2\/product\/3643","targetHints":{"allow":["GET"]}}],"collection":[{"href":"https:\/\/sinopecvietnam.com.vn\/zh-hans\/wp-json\/wp\/v2\/product"}],"about":[{"href":"https:\/\/sinopecvietnam.com.vn\/zh-hans\/wp-json\/wp\/v2\/types\/product"}],"wp:featuredmedia":[{"embeddable":true,"href":"https:\/\/sinopecvietnam.com.vn\/zh-hans\/wp-json\/wp\/v2\/media\/2769"}],"wp:attachment":[{"href":"https:\/\/sinopecvietnam.com.vn\/zh-hans\/wp-json\/wp\/v2\/media?parent=3643"}],"wp:term":[{"taxonomy":"product_brand","embeddable":true,"href":"https:\/\/sinopecvietnam.com.vn\/zh-hans\/wp-json\/wp\/v2\/product_brand?post=3643"},{"taxonomy":"product_cat","embeddable":true,"href":"https:\/\/sinopecvietnam.com.vn\/zh-hans\/wp-json\/wp\/v2\/product_cat?post=3643"},{"taxonomy":"product_tag","embeddable":true,"href":"https:\/\/sinopecvietnam.com.vn\/zh-hans\/wp-json\/wp\/v2\/product_tag?post=3643"}],"curies":[{"name":"wp","href":"https:\/\/api.w.org\/{rel}","templated":true}]}}