{"id":3637,"date":"2026-03-31T22:20:31","date_gmt":"2026-03-31T15:20:31","guid":{"rendered":"https:\/\/sinopecvietnam.com.vn\/san-pham\/%e9%95%bf%e5%9f%8e-l-qb-300-%e5%af%bc%e7%83%ad%e6%b2%b9\/"},"modified":"2026-03-31T22:20:31","modified_gmt":"2026-03-31T15:20:31","slug":"%e9%95%bf%e5%9f%8e-l-qb-300-%e5%af%bc%e7%83%ad%e6%b2%b9","status":"publish","type":"product","link":"https:\/\/sinopecvietnam.com.vn\/zh-hans\/san-pham\/%e9%95%bf%e5%9f%8e-l-qb-300-%e5%af%bc%e7%83%ad%e6%b2%b9\/","title":{"rendered":"\u957f\u57ce L-QB 300 \u5bfc\u70ed\u6cb9"},"content":{"rendered":"<p>\u4e2d\u56fd\u77f3\u5316\u957f\u57ce L-QB 300 \u5bfc\u70ed\u6cb9\u91c7\u7528\u7cbe\u5236\u77ff\u7269\u57fa\u7840\u6cb9\uff0c\u914d\u4ee5\u6297\u6c27\u53ca\u70ed\u7a33\u5b9a\u6027\u6dfb\u52a0\u5242\u8c03\u914d\u800c\u6210\u3002\u4e13\u4e3a\u9ad8\u6e29\u5de5\u4e1a\u95ed\u5f0f\u4f20\u70ed\u7cfb\u7edf\u8bbe\u8ba1\u3002 <\/p>\n<p>\u6027\u80fd\u4f18\u52bf:<br \/>\n1. \u4f18\u5f02\u7684\u70ed\u7a33\u5b9a\u6027\uff1a\u9632\u6b62\u7ed3\u7126\u548c\u6cb9\u6ce5\uff0c\u5ef6\u957f\u4f7f\u7528\u5bff\u547d\u3002<\/p>\n<p>2. \u5de5\u4f5c\u6e29\u5ea6\u8303\u56f4\u5e7f\uff1a\u95ed\u5f0f\u7cfb\u7edf\u6700\u9ad8\u5de5\u4f5c\u6e29\u5ea6\u53ef\u8fbe 300\u00b0C\u3002<\/p>\n<p>3. \u9ad8\u6548\u4f20\u70ed\uff1a\u786e\u4fdd\u7cfb\u7edf\u5feb\u901f\u7a33\u5b9a\u8fd0\u884c\u3002<br \/>\n<br \/>4. \u4f4e\u6e29\u6d41\u52a8\u6027\u597d\uff1a\u4f4e\u6e29\u7c98\u5ea6\u4f4e\uff0c\u542f\u52a8\u987a\u7545\u3002<\/p>\n<p>5. \u9ad8\u95ea\u70b9\uff1a\u786e\u4fdd\u8fd0\u884c\u5b89\u5168\u3002<\/p>\n<p>6. \u7528\u9014\u5e7f\u6cdb\uff1a\u9002\u7528\u4e8e\u591a\u79cd\u5de5\u4e1a\u52a0\u70ed\u7cfb\u7edf\u3002<\/p>\n<p>\u5e94\u7528\u8303\u56f4 :<br \/>\n-\u5de5\u4e1a\u95ed\u5f0f\u4f20\u70ed\u7cfb\u7edf\uff1b\u5851\u6599\u5de5\u4e1a\uff08\u6ce8\u5851\/\u9020\u7c92\/\u8584\u819c\uff09\uff1b\u5316\u5b66\u5de5\u4e1a\uff08\u53cd\u5e94\u91dc\/\u5e72\u71e5\/\u84b8\u998f\uff09\uff1b\u7eba\u7ec7\u5de5\u4e1a\uff08\u5370\u67d3\/\u70eb\u5e73\uff09\uff1b\u98df\u54c1\u5de5\u4e1a\uff1b\u6728\u6750\u52a0\u5de5\uff08\u538b\u673a\/\u5e72\u71e5\uff09\uff1b\u6a61\u80f6\/\u6d82\u6599\u5de5\u4e1a\u3002<\/p>\n<p>Th\u00f4ng s\u1ed1 k\u1ef9 thu\u1eadt \u0111i\u1ec3n h\u00ecnh:<br \/>\n&#8211;<br \/>\n\u6700\u9ad8\u4f7f\u7528\u6e29\u5ea6\uff08\u95ed\u5f0f\uff09\uff1a300\u00b0C<\/p>\n<p>\u2022 \u6700\u9ad8\u6cb9\u819c\u6e29\u5ea6\uff1a280\u00b0C<\/p>\n<p>\u2022 \u8fd0\u52a8\u7c98\u5ea6 (40\u00b0C)\uff1a\u7ea6 31.4 mm\u00b2\/s<\/p>\n<p>\u2022 \u8fd0\u52a8\u7c98\u5ea6 (100\u00b0C)\uff1a\u7ea6 5.38 mm\u00b2\/s<\/p>\n<p>\u2022 \u7c98\u5ea6\u6307\u6570\uff1a105<br \/>\n<br \/>\u2022 \u95ea\u70b9\uff08\u5f00\u53e3\uff09\uff1a220\u00b0C<\/p>\n<p>\u2022 \u503e\u70b9\uff1a-12\u00b0C<\/p>\n<p>\u2022 \u521d\u998f\u70b9\uff1a&gt;&gt;340\u00b0C<\/p>\n<p>\u2022 \u9178\u503c\uff1a\u2264 0.05 mgKOH\/g<\/p>\n<p>\u2022 \u6b8b\u70ad\uff1a\u2264 0.01%<\/p>\n<p>\u2022 \u6267\u884c\u6807\u51c6\uff1aGB 23971-2009 (L-QB), DIN 51522<\/p>\n<p>\u5305\u88c5\u89c4\u683c\uff1a200\u5347\u6876\uff08\u53ef\u6839\u636e\u8981\u6c42\u63d0\u4f9b18\u5347\u300120\u5347\u5c0f\u6876\uff09<\/p>\n<p>\u4f7f\u7528\u6ce8\u610f\u4e8b\u9879\uff1a:<br \/>\n&#8211; \u65b0\u7cfb\u7edf\u6216\u6362\u6cb9\u540e\uff0c\u9700\u5faa\u73af\u8fd0\u884c\u4ee5\u6392\u9664\u7a7a\u6c14\u548c\u6c34\u5206<br \/>\n&#8211; \u8bf7\u52ff\u4e0e\u5176\u4ed6\u5bfc\u70ed\u6cb9\u6df7\u5408\u4f7f\u7528<br \/>\n&#8211; Ki\u1ec3m tra \u0111\u1ecbnh k\u1ef3 c\u00e1c th\u00f4ng s\u1ed1 \u0111\u1ec3 \u0111\u1ea3m b\u1ea3o hi\u1ec7u su\u1ea5t<\/p>\n<p>H\u00e0ng ch\u00ednh h\u00e3ng Sinopec &#8211; Giao h\u00e0ng to\u00e0n qu\u1ed1c &#8211; T\u01b0 v\u1ea5n k\u1ef9 thu\u1eadt 24\/7<\/p>\n","protected":false},"excerpt":{"rendered":"<p>\u4e2d\u56fd\u77f3\u5316\u957f\u57ce L-QB 300 \u5bfc\u70ed\u6cb9\u91c7\u7528\u7cbe\u5236\u77ff\u7269\u57fa\u7840\u6cb9\uff0c\u914d\u4ee5\u6297\u6c27\u53ca\u70ed\u7a33\u5b9a\u6027\u6dfb\u52a0\u5242\u8c03\u914d\u800c\u6210\u3002\u4e13\u4e3a\u9ad8\u6e29\u5de5\u4e1a\u95ed\u5f0f\u4f20\u70ed\u7cfb\u7edf\u8bbe\u8ba1\u3002 \u6027\u80fd\u4f18\u52bf: 1. \u4f18\u5f02\u7684\u70ed\u7a33\u5b9a\u6027\uff1a\u9632\u6b62\u7ed3\u7126\u548c\u6cb9\u6ce5\uff0c\u5ef6\u957f\u4f7f\u7528\u5bff\u547d\u3002 2. \u5de5\u4f5c\u6e29\u5ea6\u8303\u56f4\u5e7f\uff1a\u95ed\u5f0f\u7cfb\u7edf\u6700\u9ad8\u5de5\u4f5c\u6e29\u5ea6\u53ef\u8fbe 300\u00b0C\u3002 3. \u9ad8\u6548\u4f20\u70ed\uff1a\u786e\u4fdd\u7cfb\u7edf\u5feb\u901f\u7a33\u5b9a\u8fd0\u884c\u3002 4. \u4f4e\u6e29\u6d41\u52a8\u6027\u597d\uff1a\u4f4e\u6e29\u7c98\u5ea6\u4f4e\uff0c\u542f\u52a8\u987a\u7545\u3002 5. \u9ad8\u95ea\u70b9\uff1a\u786e\u4fdd\u8fd0\u884c\u5b89\u5168\u3002 6. \u7528\u9014\u5e7f\u6cdb\uff1a\u9002\u7528\u4e8e\u591a\u79cd\u5de5\u4e1a\u52a0\u70ed\u7cfb\u7edf\u3002 \u5e94\u7528\u8303\u56f4 : -\u5de5\u4e1a\u95ed\u5f0f\u4f20\u70ed\u7cfb\u7edf\uff1b\u5851\u6599\u5de5\u4e1a\uff08\u6ce8\u5851\/\u9020\u7c92\/\u8584\u819c\uff09\uff1b\u5316\u5b66\u5de5\u4e1a\uff08\u53cd\u5e94\u91dc\/\u5e72\u71e5\/\u84b8\u998f\uff09\uff1b\u7eba\u7ec7\u5de5\u4e1a\uff08\u5370\u67d3\/\u70eb\u5e73\uff09\uff1b\u98df\u54c1\u5de5\u4e1a\uff1b\u6728\u6750\u52a0\u5de5\uff08\u538b\u673a\/\u5e72\u71e5\uff09\uff1b\u6a61\u80f6\/\u6d82\u6599\u5de5\u4e1a\u3002 Th\u00f4ng s\u1ed1 k\u1ef9 thu\u1eadt \u0111i\u1ec3n h\u00ecnh: &#8211; \u6700\u9ad8\u4f7f\u7528\u6e29\u5ea6\uff08\u95ed\u5f0f\uff09\uff1a300\u00b0C \u2022 \u6700\u9ad8\u6cb9\u819c\u6e29\u5ea6\uff1a280\u00b0C \u2022 \u8fd0\u52a8\u7c98\u5ea6 (40\u00b0C)\uff1a\u7ea6 31.4 mm\u00b2\/s \u2022 \u8fd0\u52a8\u7c98\u5ea6 (100\u00b0C)\uff1a\u7ea6 5.38 mm\u00b2\/s \u2022 \u7c98\u5ea6\u6307\u6570\uff1a105 \u2022 \u95ea\u70b9\uff08\u5f00\u53e3\uff09\uff1a220\u00b0C \u2022 \u503e\u70b9\uff1a-12\u00b0C \u2022 \u521d\u998f\u70b9\uff1a&gt;&gt;340\u00b0C \u2022 \u9178\u503c\uff1a\u2264 0.05 mgKOH\/g \u2022 \u6b8b\u70ad\uff1a\u2264 [&#8230;]\n","protected":false},"featured_media":2673,"template":"","meta":[],"product_brand":[],"product_cat":[760,762],"product_tag":[815,828,825,816,829,830,833,832,831,814,824,827,826],"class_list":{"0":"post-3637","1":"product","2":"type-product","3":"status-publish","4":"has-post-thumbnail","6":"product_cat-chuandongye","7":"product_cat-slideway-oil","8":"product_tag-dau-tai-nhiet","9":"product_tag-dau-truyen-nhiet-goc-khoang","10":"product_tag-dau-truyen-nhiet-l-qb-300","11":"product_tag-he-thong-gia-nhiet","12":"product_tag-l-qb-300","13":"product_tag-mo-boi-tron-no-3","14":"product_tag-mo-chiu-nhiet-nhe","15":"product_tag-mo-lithium-so-3","16":"product_tag-mo-sinopec-lqb-300","17":"product_tag-814","18":"product_tag-824","19":"product_tag--l-qb-300","20":"product_tag-826","22":"first","23":"instock","24":"sold-individually","25":"shipping-taxable","26":"purchasable","27":"product-type-variable"},"yoast_head":"<!-- This site is optimized with the Yoast SEO Premium plugin v20.1 (Yoast SEO v27.1.1) - https:\/\/yoast.com\/product\/yoast-seo-premium-wordpress\/ -->\n<title>\u957f\u57ce L-QB 300 \u5bfc\u70ed\u6cb9 - Sinopec Vi\u1ec7t Nam<\/title>\n<meta name=\"description\" content=\"\u6b63\u54c1\u4e2d\u56fd\u77f3\u5316L-QB 300\u5bfc\u70ed\u6cb9 \u2013 \u77ff\u7269\u578b\u5bfc\u70ed\u6cb9\uff0c\u6700\u9ad8\u5de5\u4f5c\u6e29\u5ea6\u8fbe300\u00b0C\u3002\u5353\u8d8a\u7684\u6297\u6c27\u5316\u6027\uff0c\u4f4e\u7ed3\u7126\u6027\uff0c\u9002\u7528\u4e8e\u95ed\u5f0f\u52a0\u70ed\u7cfb\u7edf\u3002\u5168\u56fd\u914d\u9001\u3002\u957f\u57ce\u5bfc\u70ed\u6cb9 L-QB 300.\" \/>\n<meta name=\"robots\" content=\"index, follow, max-snippet:-1, max-image-preview:large, max-video-preview:-1\" \/>\n<link rel=\"canonical\" href=\"https:\/\/sinopecvietnam.com.vn\/zh-hans\/san-pham\/\u957f\u57ce-l-qb-300-\u5bfc\u70ed\u6cb9\/\" \/>\n<meta property=\"og:locale\" content=\"zh_CN\" \/>\n<meta property=\"og:type\" content=\"article\" \/>\n<meta property=\"og:title\" content=\"\u957f\u57ce L-QB 300 \u5bfc\u70ed\u6cb9\" \/>\n<meta property=\"og:description\" content=\"\u6b63\u54c1\u4e2d\u56fd\u77f3\u5316L-QB 300\u5bfc\u70ed\u6cb9 \u2013 \u77ff\u7269\u578b\u5bfc\u70ed\u6cb9\uff0c\u6700\u9ad8\u5de5\u4f5c\u6e29\u5ea6\u8fbe300\u00b0C\u3002\u5353\u8d8a\u7684\u6297\u6c27\u5316\u6027\uff0c\u4f4e\u7ed3\u7126\u6027\uff0c\u9002\u7528\u4e8e\u95ed\u5f0f\u52a0\u70ed\u7cfb\u7edf\u3002\u5168\u56fd\u914d\u9001\u3002\u957f\u57ce\u5bfc\u70ed\u6cb9 L-QB 300.\" \/>\n<meta property=\"og:url\" content=\"https:\/\/sinopecvietnam.com.vn\/zh-hans\/san-pham\/\u957f\u57ce-l-qb-300-\u5bfc\u70ed\u6cb9\/\" \/>\n<meta property=\"og:site_name\" content=\"Sinopec Vi\u1ec7t Nam\" \/>\n<meta property=\"article:publisher\" content=\"https:\/\/www.facebook.com\/PRANAVIETNAM\/\" \/>\n<meta property=\"og:image\" content=\"https:\/\/sinopecvietnam.com.vn\/wp-content\/uploads\/2026\/03\/Screenshot-2026-03-31-221239.png\" \/>\n\t<meta property=\"og:image:width\" content=\"433\" \/>\n\t<meta property=\"og:image:height\" content=\"537\" \/>\n\t<meta property=\"og:image:type\" content=\"image\/png\" \/>\n<meta name=\"twitter:card\" content=\"summary_large_image\" \/>\n<script type=\"application\/ld+json\" class=\"yoast-schema-graph\">{\"@context\":\"https:\/\/schema.org\",\"@graph\":[{\"@type\":\"WebPage\",\"@id\":\"https:\/\/sinopecvietnam.com.vn\/zh-hans\/san-pham\/%e9%95%bf%e5%9f%8e-l-qb-300-%e5%af%bc%e7%83%ad%e6%b2%b9\/\",\"url\":\"https:\/\/sinopecvietnam.com.vn\/zh-hans\/san-pham\/%e9%95%bf%e5%9f%8e-l-qb-300-%e5%af%bc%e7%83%ad%e6%b2%b9\/\",\"name\":\"\u957f\u57ce L-QB 300 \u5bfc\u70ed\u6cb9 - Sinopec Vi\u1ec7t Nam\",\"isPartOf\":{\"@id\":\"https:\/\/sinopecvietnam.com.vn\/#website\"},\"primaryImageOfPage\":{\"@id\":\"https:\/\/sinopecvietnam.com.vn\/zh-hans\/san-pham\/%e9%95%bf%e5%9f%8e-l-qb-300-%e5%af%bc%e7%83%ad%e6%b2%b9\/#primaryimage\"},\"image\":{\"@id\":\"https:\/\/sinopecvietnam.com.vn\/zh-hans\/san-pham\/%e9%95%bf%e5%9f%8e-l-qb-300-%e5%af%bc%e7%83%ad%e6%b2%b9\/#primaryimage\"},\"thumbnailUrl\":\"https:\/\/sinopecvietnam.com.vn\/wp-content\/uploads\/2026\/03\/Screenshot-2026-03-31-221239.png\",\"datePublished\":\"2026-03-31T15:20:31+00:00\",\"description\":\"\u6b63\u54c1\u4e2d\u56fd\u77f3\u5316L-QB 300\u5bfc\u70ed\u6cb9 \u2013 \u77ff\u7269\u578b\u5bfc\u70ed\u6cb9\uff0c\u6700\u9ad8\u5de5\u4f5c\u6e29\u5ea6\u8fbe300\u00b0C\u3002\u5353\u8d8a\u7684\u6297\u6c27\u5316\u6027\uff0c\u4f4e\u7ed3\u7126\u6027\uff0c\u9002\u7528\u4e8e\u95ed\u5f0f\u52a0\u70ed\u7cfb\u7edf\u3002\u5168\u56fd\u914d\u9001\u3002\u957f\u57ce\u5bfc\u70ed\u6cb9 L-QB 300.\",\"breadcrumb\":{\"@id\":\"https:\/\/sinopecvietnam.com.vn\/zh-hans\/san-pham\/%e9%95%bf%e5%9f%8e-l-qb-300-%e5%af%bc%e7%83%ad%e6%b2%b9\/#breadcrumb\"},\"inLanguage\":\"zh-CN\",\"potentialAction\":[{\"@type\":\"ReadAction\",\"target\":[\"https:\/\/sinopecvietnam.com.vn\/zh-hans\/san-pham\/%e9%95%bf%e5%9f%8e-l-qb-300-%e5%af%bc%e7%83%ad%e6%b2%b9\/\"]}]},{\"@type\":\"ImageObject\",\"inLanguage\":\"zh-CN\",\"@id\":\"https:\/\/sinopecvietnam.com.vn\/zh-hans\/san-pham\/%e9%95%bf%e5%9f%8e-l-qb-300-%e5%af%bc%e7%83%ad%e6%b2%b9\/#primaryimage\",\"url\":\"https:\/\/sinopecvietnam.com.vn\/wp-content\/uploads\/2026\/03\/Screenshot-2026-03-31-221239.png\",\"contentUrl\":\"https:\/\/sinopecvietnam.com.vn\/wp-content\/uploads\/2026\/03\/Screenshot-2026-03-31-221239.png\",\"width\":433,\"height\":537},{\"@type\":\"BreadcrumbList\",\"@id\":\"https:\/\/sinopecvietnam.com.vn\/zh-hans\/san-pham\/%e9%95%bf%e5%9f%8e-l-qb-300-%e5%af%bc%e7%83%ad%e6%b2%b9\/#breadcrumb\",\"itemListElement\":[{\"@type\":\"ListItem\",\"position\":1,\"name\":\"Trang ch\u1ee7\",\"item\":\"https:\/\/sinopecvietnam.com.vn\/zh-hans\/%e4%b8%ad%e5%9b%bd%e7%9f%b3%e5%8c%96%e8%b6%8a%e5%8d%97\/\"},{\"@type\":\"ListItem\",\"position\":2,\"name\":\"\u5546\u5e97\",\"item\":\"https:\/\/sinopecvietnam.com.vn\/zh-hans\/%e5%95%86%e5%ba%97\/\"},{\"@type\":\"ListItem\",\"position\":3,\"name\":\"\u957f\u57ce L-QB 300 \u5bfc\u70ed\u6cb9\"}]},{\"@type\":\"WebSite\",\"@id\":\"https:\/\/sinopecvietnam.com.vn\/#website\",\"url\":\"https:\/\/sinopecvietnam.com.vn\/\",\"name\":\"Sinopec Vi\u1ec7t Nam | \u4e2d\u56fd\u77f3\u5316\u6da6\u6ed1\u6cb9\",\"description\":\"\u0110\u01a1n v\u1ecb cung c\u1ea5p s\u1ea3n ph\u1ea9m d\u1ea7u h\u00e0ng h\u1ea3i ch\u00ednh h\u00e3ng\",\"publisher\":{\"@id\":\"https:\/\/sinopecvietnam.com.vn\/#organization\"},\"potentialAction\":[{\"@type\":\"SearchAction\",\"target\":{\"@type\":\"EntryPoint\",\"urlTemplate\":\"https:\/\/sinopecvietnam.com.vn\/?s={search_term_string}\"},\"query-input\":{\"@type\":\"PropertyValueSpecification\",\"valueRequired\":true,\"valueName\":\"search_term_string\"}}],\"inLanguage\":\"zh-CN\"},{\"@type\":\"Organization\",\"@id\":\"https:\/\/sinopecvietnam.com.vn\/#organization\",\"name\":\"Sinopec Vi\u1ec7t Nam\",\"url\":\"https:\/\/sinopecvietnam.com.vn\/\",\"logo\":{\"@type\":\"ImageObject\",\"inLanguage\":\"zh-CN\",\"@id\":\"https:\/\/sinopecvietnam.com.vn\/#\/schema\/logo\/image\/\",\"url\":\"https:\/\/sinopecvietnam.com.vn\/wp-content\/uploads\/2026\/03\/sinopec-logo-png_seeklogo-284996.png\",\"contentUrl\":\"https:\/\/sinopecvietnam.com.vn\/wp-content\/uploads\/2026\/03\/sinopec-logo-png_seeklogo-284996.png\",\"width\":600,\"height\":600,\"caption\":\"Sinopec Vi\u1ec7t Nam\"},\"image\":{\"@id\":\"https:\/\/sinopecvietnam.com.vn\/#\/schema\/logo\/image\/\"},\"sameAs\":[\"https:\/\/www.facebook.com\/PRANAVIETNAM\/\"]}]}<\/script>\n<!-- \/ Yoast SEO Premium plugin. -->","yoast_head_json":{"title":"\u957f\u57ce L-QB 300 \u5bfc\u70ed\u6cb9 - Sinopec Vi\u1ec7t Nam","description":"\u6b63\u54c1\u4e2d\u56fd\u77f3\u5316L-QB 300\u5bfc\u70ed\u6cb9 \u2013 \u77ff\u7269\u578b\u5bfc\u70ed\u6cb9\uff0c\u6700\u9ad8\u5de5\u4f5c\u6e29\u5ea6\u8fbe300\u00b0C\u3002\u5353\u8d8a\u7684\u6297\u6c27\u5316\u6027\uff0c\u4f4e\u7ed3\u7126\u6027\uff0c\u9002\u7528\u4e8e\u95ed\u5f0f\u52a0\u70ed\u7cfb\u7edf\u3002\u5168\u56fd\u914d\u9001\u3002\u957f\u57ce\u5bfc\u70ed\u6cb9 L-QB 300.","robots":{"index":"index","follow":"follow","max-snippet":"max-snippet:-1","max-image-preview":"max-image-preview:large","max-video-preview":"max-video-preview:-1"},"canonical":"https:\/\/sinopecvietnam.com.vn\/zh-hans\/san-pham\/\u957f\u57ce-l-qb-300-\u5bfc\u70ed\u6cb9\/","og_locale":"zh_CN","og_type":"article","og_title":"\u957f\u57ce L-QB 300 \u5bfc\u70ed\u6cb9","og_description":"\u6b63\u54c1\u4e2d\u56fd\u77f3\u5316L-QB 300\u5bfc\u70ed\u6cb9 \u2013 \u77ff\u7269\u578b\u5bfc\u70ed\u6cb9\uff0c\u6700\u9ad8\u5de5\u4f5c\u6e29\u5ea6\u8fbe300\u00b0C\u3002\u5353\u8d8a\u7684\u6297\u6c27\u5316\u6027\uff0c\u4f4e\u7ed3\u7126\u6027\uff0c\u9002\u7528\u4e8e\u95ed\u5f0f\u52a0\u70ed\u7cfb\u7edf\u3002\u5168\u56fd\u914d\u9001\u3002\u957f\u57ce\u5bfc\u70ed\u6cb9 L-QB 300.","og_url":"https:\/\/sinopecvietnam.com.vn\/zh-hans\/san-pham\/\u957f\u57ce-l-qb-300-\u5bfc\u70ed\u6cb9\/","og_site_name":"Sinopec Vi\u1ec7t Nam","article_publisher":"https:\/\/www.facebook.com\/PRANAVIETNAM\/","og_image":[{"width":433,"height":537,"url":"https:\/\/sinopecvietnam.com.vn\/wp-content\/uploads\/2026\/03\/Screenshot-2026-03-31-221239.png","type":"image\/png"}],"twitter_card":"summary_large_image","schema":{"@context":"https:\/\/schema.org","@graph":[{"@type":"WebPage","@id":"https:\/\/sinopecvietnam.com.vn\/zh-hans\/san-pham\/%e9%95%bf%e5%9f%8e-l-qb-300-%e5%af%bc%e7%83%ad%e6%b2%b9\/","url":"https:\/\/sinopecvietnam.com.vn\/zh-hans\/san-pham\/%e9%95%bf%e5%9f%8e-l-qb-300-%e5%af%bc%e7%83%ad%e6%b2%b9\/","name":"\u957f\u57ce L-QB 300 \u5bfc\u70ed\u6cb9 - Sinopec Vi\u1ec7t Nam","isPartOf":{"@id":"https:\/\/sinopecvietnam.com.vn\/#website"},"primaryImageOfPage":{"@id":"https:\/\/sinopecvietnam.com.vn\/zh-hans\/san-pham\/%e9%95%bf%e5%9f%8e-l-qb-300-%e5%af%bc%e7%83%ad%e6%b2%b9\/#primaryimage"},"image":{"@id":"https:\/\/sinopecvietnam.com.vn\/zh-hans\/san-pham\/%e9%95%bf%e5%9f%8e-l-qb-300-%e5%af%bc%e7%83%ad%e6%b2%b9\/#primaryimage"},"thumbnailUrl":"https:\/\/sinopecvietnam.com.vn\/wp-content\/uploads\/2026\/03\/Screenshot-2026-03-31-221239.png","datePublished":"2026-03-31T15:20:31+00:00","description":"\u6b63\u54c1\u4e2d\u56fd\u77f3\u5316L-QB 300\u5bfc\u70ed\u6cb9 \u2013 \u77ff\u7269\u578b\u5bfc\u70ed\u6cb9\uff0c\u6700\u9ad8\u5de5\u4f5c\u6e29\u5ea6\u8fbe300\u00b0C\u3002\u5353\u8d8a\u7684\u6297\u6c27\u5316\u6027\uff0c\u4f4e\u7ed3\u7126\u6027\uff0c\u9002\u7528\u4e8e\u95ed\u5f0f\u52a0\u70ed\u7cfb\u7edf\u3002\u5168\u56fd\u914d\u9001\u3002\u957f\u57ce\u5bfc\u70ed\u6cb9 L-QB 300.","breadcrumb":{"@id":"https:\/\/sinopecvietnam.com.vn\/zh-hans\/san-pham\/%e9%95%bf%e5%9f%8e-l-qb-300-%e5%af%bc%e7%83%ad%e6%b2%b9\/#breadcrumb"},"inLanguage":"zh-CN","potentialAction":[{"@type":"ReadAction","target":["https:\/\/sinopecvietnam.com.vn\/zh-hans\/san-pham\/%e9%95%bf%e5%9f%8e-l-qb-300-%e5%af%bc%e7%83%ad%e6%b2%b9\/"]}]},{"@type":"ImageObject","inLanguage":"zh-CN","@id":"https:\/\/sinopecvietnam.com.vn\/zh-hans\/san-pham\/%e9%95%bf%e5%9f%8e-l-qb-300-%e5%af%bc%e7%83%ad%e6%b2%b9\/#primaryimage","url":"https:\/\/sinopecvietnam.com.vn\/wp-content\/uploads\/2026\/03\/Screenshot-2026-03-31-221239.png","contentUrl":"https:\/\/sinopecvietnam.com.vn\/wp-content\/uploads\/2026\/03\/Screenshot-2026-03-31-221239.png","width":433,"height":537},{"@type":"BreadcrumbList","@id":"https:\/\/sinopecvietnam.com.vn\/zh-hans\/san-pham\/%e9%95%bf%e5%9f%8e-l-qb-300-%e5%af%bc%e7%83%ad%e6%b2%b9\/#breadcrumb","itemListElement":[{"@type":"ListItem","position":1,"name":"Trang ch\u1ee7","item":"https:\/\/sinopecvietnam.com.vn\/zh-hans\/%e4%b8%ad%e5%9b%bd%e7%9f%b3%e5%8c%96%e8%b6%8a%e5%8d%97\/"},{"@type":"ListItem","position":2,"name":"\u5546\u5e97","item":"https:\/\/sinopecvietnam.com.vn\/zh-hans\/%e5%95%86%e5%ba%97\/"},{"@type":"ListItem","position":3,"name":"\u957f\u57ce L-QB 300 \u5bfc\u70ed\u6cb9"}]},{"@type":"WebSite","@id":"https:\/\/sinopecvietnam.com.vn\/#website","url":"https:\/\/sinopecvietnam.com.vn\/","name":"Sinopec Vi\u1ec7t Nam | \u4e2d\u56fd\u77f3\u5316\u6da6\u6ed1\u6cb9","description":"\u0110\u01a1n v\u1ecb cung c\u1ea5p s\u1ea3n ph\u1ea9m d\u1ea7u h\u00e0ng h\u1ea3i ch\u00ednh h\u00e3ng","publisher":{"@id":"https:\/\/sinopecvietnam.com.vn\/#organization"},"potentialAction":[{"@type":"SearchAction","target":{"@type":"EntryPoint","urlTemplate":"https:\/\/sinopecvietnam.com.vn\/?s={search_term_string}"},"query-input":{"@type":"PropertyValueSpecification","valueRequired":true,"valueName":"search_term_string"}}],"inLanguage":"zh-CN"},{"@type":"Organization","@id":"https:\/\/sinopecvietnam.com.vn\/#organization","name":"Sinopec Vi\u1ec7t Nam","url":"https:\/\/sinopecvietnam.com.vn\/","logo":{"@type":"ImageObject","inLanguage":"zh-CN","@id":"https:\/\/sinopecvietnam.com.vn\/#\/schema\/logo\/image\/","url":"https:\/\/sinopecvietnam.com.vn\/wp-content\/uploads\/2026\/03\/sinopec-logo-png_seeklogo-284996.png","contentUrl":"https:\/\/sinopecvietnam.com.vn\/wp-content\/uploads\/2026\/03\/sinopec-logo-png_seeklogo-284996.png","width":600,"height":600,"caption":"Sinopec Vi\u1ec7t Nam"},"image":{"@id":"https:\/\/sinopecvietnam.com.vn\/#\/schema\/logo\/image\/"},"sameAs":["https:\/\/www.facebook.com\/PRANAVIETNAM\/"]}]}},"_links":{"self":[{"href":"https:\/\/sinopecvietnam.com.vn\/zh-hans\/wp-json\/wp\/v2\/product\/3637","targetHints":{"allow":["GET"]}}],"collection":[{"href":"https:\/\/sinopecvietnam.com.vn\/zh-hans\/wp-json\/wp\/v2\/product"}],"about":[{"href":"https:\/\/sinopecvietnam.com.vn\/zh-hans\/wp-json\/wp\/v2\/types\/product"}],"wp:featuredmedia":[{"embeddable":true,"href":"https:\/\/sinopecvietnam.com.vn\/zh-hans\/wp-json\/wp\/v2\/media\/2673"}],"wp:attachment":[{"href":"https:\/\/sinopecvietnam.com.vn\/zh-hans\/wp-json\/wp\/v2\/media?parent=3637"}],"wp:term":[{"taxonomy":"product_brand","embeddable":true,"href":"https:\/\/sinopecvietnam.com.vn\/zh-hans\/wp-json\/wp\/v2\/product_brand?post=3637"},{"taxonomy":"product_cat","embeddable":true,"href":"https:\/\/sinopecvietnam.com.vn\/zh-hans\/wp-json\/wp\/v2\/product_cat?post=3637"},{"taxonomy":"product_tag","embeddable":true,"href":"https:\/\/sinopecvietnam.com.vn\/zh-hans\/wp-json\/wp\/v2\/product_tag?post=3637"}],"curies":[{"name":"wp","href":"https:\/\/api.w.org\/{rel}","templated":true}]}}