{"id":2183,"date":"2022-12-07T07:46:54","date_gmt":"2022-12-07T00:46:54","guid":{"rendered":"https:\/\/sinopecvietnam.com.vn\/san-pham\/%e4%b8%ad%e5%9b%bd%e7%9f%b3%e5%8c%96-5040-%e8%88%b9%e7%94%a8%e6%b0%94%e7%bc%b8%e6%b2%b9\/"},"modified":"2022-12-07T07:46:54","modified_gmt":"2022-12-07T00:46:54","slug":"%e4%b8%ad%e5%9b%bd%e7%9f%b3%e5%8c%96-5040-%e8%88%b9%e7%94%a8%e6%b0%94%e7%bc%b8%e6%b2%b9","status":"publish","type":"product","link":"https:\/\/sinopecvietnam.com.vn\/zh-hans\/san-pham\/%e4%b8%ad%e5%9b%bd%e7%9f%b3%e5%8c%96-5040-%e8%88%b9%e7%94%a8%e6%b0%94%e7%bc%b8%e6%b2%b9\/","title":{"rendered":"\u4e2d\u56fd\u77f3\u5316 5040 &#8211; \u8239\u7528\u6c14\u7f38\u6cb9"},"content":{"rendered":"<p>\u4f4e\u901f\u4e8c\u51b2\u7a0b\u8239\u7528\u6c14\u7f38\u6cb9<a href=\"https:\/\/sinopecvietnam.com.vn\/wp-content\/uploads\/woocommerce_uploads\/2022\/12\/Marine-Cylinder-Oil-5040-DA%C2%BCOAEA-SDS-EN-8hlg0x.pdf\"><\/a><a href=\"https:\/\/sinopecvietnam.com.vn\/wp-content\/uploads\/woocommerce_uploads\/2022\/12\/PDS-Marine-Cylinder-Oil-5040S-at7rve.pdf\">MSDS Marine Cylinder Oil 5040 -\u0110\u00c2\u00bc\u00d3\u00c6\u00c2-SDS-ENPDS &#8211; Marine Cylinder Oil 5040S<\/a><\/p>\n<p><strong>\u6280\u672f\u53c2\u6570\uff1a <\/strong><\/p>\n<ul>\n<li><span style=\"font-size: 17px;\">\u7c98\u5ea6\u7b49\u7ea7 (SAE): 50<\/span><\/li>\n<li><span style=\"font-size: 17px;\">\u603b\u78b1\u503c (TBN), mgKOH\/g: 40<\/span><\/li>\n<li><span style=\"font-size: 17px;\">100\u00b0C \u8fd0\u52a8\u7c98\u5ea6: 18.61<\/span><\/li>\n<li><span style=\"font-size: 17px;\">\u7c98\u5ea6\u6307\u6570: 97<\/span><\/li>\n<li><span style=\"font-size: 17px;\">\u95ea\u70b9 (COC), \u00b0C: 274<\/span><\/li>\n<li><span style=\"font-size: 17px;\">\u503e\u70b9, \u00b0C: -15<\/span><\/li>\n<\/ul>\n<p><span style=\"color: #003300;\"><strong>\u7ecf MAN, WinGD (W\u00e4rtsil\u00e4) \u548c MHI-MME \u8ba4\u8bc1\u3002<\/strong><\/span><\/p>\n<p>&nbsp;<\/p>\n","protected":false},"excerpt":{"rendered":"<ul>\n<li><span style=\"font-size: 16px; font-family: arial, helvetica, sans-serif; color: #003366;\">\u83b7\u5f97\u4ee5\u4e0b\u5382\u5546\u8ba4\u8bc1\u53ca\u63a8\u8350\u4f7f\u7528\uff1aMAN, WinGD (W\u00e4rtsil\u00e4) \u548c MHI-MME<\/span><\/li>\n<li><span style=\"font-family: arial, helvetica, sans-serif; font-size: 16px; color: #003366;\">\u8d28\u91cf\u6807\u51c6\uff1aAPI CF<\/span><\/li>\n<li><span style=\"color: #ff0000; font-size: 18px;\"><strong><span style=\"font-family: arial, helvetica, sans-serif;\">\u70ed\u7ebf\u7535\u8bdd\uff1a(+84) 0961.85.89.89<\/span><\/strong><\/span><\/li>\n<li><a href=\"https:\/\/drive.google.com\/file\/d\/1yeR9cT371SI6eQYpP44eWWkVM544vcqY\/view?usp=sharing\" target=\"_blank\" rel=\"noopener noreferrer\"><span style=\"font-size: 21px; color: #0000ff;\"><strong>\u4ea7\u54c1\u6280\u672f\u53c2\u6570\u8868 (PDS)<\/strong><\/span><\/a><\/li>\n<\/ul>\n","protected":false},"featured_media":2152,"template":"","meta":[],"product_brand":[],"product_cat":[182,180],"product_tag":[266,238,218,268,264,265,267,212,246,262,263,261],"class_list":{"0":"post-2183","1":"product","2":"type-product","3":"status-publish","4":"has-post-thumbnail","6":"product_cat-182","7":"product_cat-180","8":"product_tag-266","9":"product_tag-238","10":"product_tag-218","11":"product_tag--alexia-50","12":"product_tag--gulf-cylcare","13":"product_tag--gulf-dca-5040","14":"product_tag--mobil-mobilgard","15":"product_tag-212","16":"product_tag-246","17":"product_tag--total-talusia-universal","18":"product_tag--chevron-taro-special","19":"product_tag--chevron-taro-ultra-40","21":"first","22":"instock","23":"downloadable","24":"sold-individually","25":"shipping-taxable","26":"purchasable","27":"product-type-simple"},"yoast_head":"<!-- This site is optimized with the Yoast SEO Premium plugin v20.1 (Yoast SEO v27.1.1) - https:\/\/yoast.com\/product\/yoast-seo-premium-wordpress\/ -->\n<title>\u4e2d\u56fd\u77f3\u5316 5040 - \u8239\u7528\u6c14\u7f38\u6cb9 - Sinopec Vi\u1ec7t Nam<\/title>\n<meta name=\"description\" content=\"\u8d2d\u4e70\u4e2d\u56fd\u77f3\u5316 5040 \u8239\u7528\u6c14\u7f38\u6cb9\u3002\u4e13\u4e3a\u4f4e\u901f\u4e8c\u51b2\u7a0b\u8239\u8236\u53d1\u52a8\u673a\u8bbe\u8ba1\uff0c\u63d0\u4f9b\u5353\u8d8a\u7684\u8010\u78e8\u4fdd\u62a4\u3002 \u83b7\u5f97 MAN, WinGD (W\u00e4rtsil\u00e4) \u548c\u4e09\u83f1 (Mitsubishi) \u7b49\u4e3b\u8981\u8bbe\u5907\u5236\u9020\u5546 (OEM) \u7684\u8ba4\u8bc1\u53ca\u63a8\u8350\u4f7f\u7528\u3002\" \/>\n<meta name=\"robots\" content=\"index, follow, max-snippet:-1, max-image-preview:large, max-video-preview:-1\" \/>\n<link rel=\"canonical\" href=\"https:\/\/sinopecvietnam.com.vn\/zh-hans\/san-pham\/\u4e2d\u56fd\u77f3\u5316-5040-\u8239\u7528\u6c14\u7f38\u6cb9\/\" \/>\n<meta property=\"og:locale\" content=\"zh_CN\" \/>\n<meta property=\"og:type\" content=\"article\" \/>\n<meta property=\"og:title\" content=\"\u4e2d\u56fd\u77f3\u5316 5040 - \u8239\u7528\u6c14\u7f38\u6cb9\" \/>\n<meta property=\"og:description\" content=\"\u8d2d\u4e70\u4e2d\u56fd\u77f3\u5316 5040 \u8239\u7528\u6c14\u7f38\u6cb9\u3002\u4e13\u4e3a\u4f4e\u901f\u4e8c\u51b2\u7a0b\u8239\u8236\u53d1\u52a8\u673a\u8bbe\u8ba1\uff0c\u63d0\u4f9b\u5353\u8d8a\u7684\u8010\u78e8\u4fdd\u62a4\u3002 \u83b7\u5f97 MAN, WinGD (W\u00e4rtsil\u00e4) \u548c\u4e09\u83f1 (Mitsubishi) \u7b49\u4e3b\u8981\u8bbe\u5907\u5236\u9020\u5546 (OEM) \u7684\u8ba4\u8bc1\u53ca\u63a8\u8350\u4f7f\u7528\u3002\" \/>\n<meta property=\"og:url\" content=\"https:\/\/sinopecvietnam.com.vn\/zh-hans\/san-pham\/\u4e2d\u56fd\u77f3\u5316-5040-\u8239\u7528\u6c14\u7f38\u6cb9\/\" \/>\n<meta property=\"og:site_name\" content=\"Sinopec Vi\u1ec7t Nam\" \/>\n<meta property=\"article:publisher\" content=\"https:\/\/www.facebook.com\/PRANAVIETNAM\/\" \/>\n<meta property=\"og:image\" content=\"https:\/\/sinopecvietnam.com.vn\/wp-content\/uploads\/2022\/12\/sinopec-product-500x500-1.png\" \/>\n\t<meta property=\"og:image:width\" content=\"500\" \/>\n\t<meta property=\"og:image:height\" content=\"500\" \/>\n\t<meta property=\"og:image:type\" content=\"image\/png\" \/>\n<meta name=\"twitter:card\" content=\"summary_large_image\" \/>\n<script type=\"application\/ld+json\" class=\"yoast-schema-graph\">{\"@context\":\"https:\/\/schema.org\",\"@graph\":[{\"@type\":\"WebPage\",\"@id\":\"https:\/\/sinopecvietnam.com.vn\/zh-hans\/san-pham\/%e4%b8%ad%e5%9b%bd%e7%9f%b3%e5%8c%96-5040-%e8%88%b9%e7%94%a8%e6%b0%94%e7%bc%b8%e6%b2%b9\/\",\"url\":\"https:\/\/sinopecvietnam.com.vn\/zh-hans\/san-pham\/%e4%b8%ad%e5%9b%bd%e7%9f%b3%e5%8c%96-5040-%e8%88%b9%e7%94%a8%e6%b0%94%e7%bc%b8%e6%b2%b9\/\",\"name\":\"\u4e2d\u56fd\u77f3\u5316 5040 - \u8239\u7528\u6c14\u7f38\u6cb9 - Sinopec Vi\u1ec7t Nam\",\"isPartOf\":{\"@id\":\"https:\/\/sinopecvietnam.com.vn\/#website\"},\"primaryImageOfPage\":{\"@id\":\"https:\/\/sinopecvietnam.com.vn\/zh-hans\/san-pham\/%e4%b8%ad%e5%9b%bd%e7%9f%b3%e5%8c%96-5040-%e8%88%b9%e7%94%a8%e6%b0%94%e7%bc%b8%e6%b2%b9\/#primaryimage\"},\"image\":{\"@id\":\"https:\/\/sinopecvietnam.com.vn\/zh-hans\/san-pham\/%e4%b8%ad%e5%9b%bd%e7%9f%b3%e5%8c%96-5040-%e8%88%b9%e7%94%a8%e6%b0%94%e7%bc%b8%e6%b2%b9\/#primaryimage\"},\"thumbnailUrl\":\"https:\/\/sinopecvietnam.com.vn\/wp-content\/uploads\/2022\/12\/sinopec-product-500x500-1.png\",\"datePublished\":\"2022-12-07T00:46:54+00:00\",\"description\":\"\u8d2d\u4e70\u4e2d\u56fd\u77f3\u5316 5040 \u8239\u7528\u6c14\u7f38\u6cb9\u3002\u4e13\u4e3a\u4f4e\u901f\u4e8c\u51b2\u7a0b\u8239\u8236\u53d1\u52a8\u673a\u8bbe\u8ba1\uff0c\u63d0\u4f9b\u5353\u8d8a\u7684\u8010\u78e8\u4fdd\u62a4\u3002 \u83b7\u5f97 MAN, WinGD (W\u00e4rtsil\u00e4) \u548c\u4e09\u83f1 (Mitsubishi) \u7b49\u4e3b\u8981\u8bbe\u5907\u5236\u9020\u5546 (OEM) \u7684\u8ba4\u8bc1\u53ca\u63a8\u8350\u4f7f\u7528\u3002\",\"breadcrumb\":{\"@id\":\"https:\/\/sinopecvietnam.com.vn\/zh-hans\/san-pham\/%e4%b8%ad%e5%9b%bd%e7%9f%b3%e5%8c%96-5040-%e8%88%b9%e7%94%a8%e6%b0%94%e7%bc%b8%e6%b2%b9\/#breadcrumb\"},\"inLanguage\":\"zh-CN\",\"potentialAction\":[{\"@type\":\"ReadAction\",\"target\":[\"https:\/\/sinopecvietnam.com.vn\/zh-hans\/san-pham\/%e4%b8%ad%e5%9b%bd%e7%9f%b3%e5%8c%96-5040-%e8%88%b9%e7%94%a8%e6%b0%94%e7%bc%b8%e6%b2%b9\/\"]}]},{\"@type\":\"ImageObject\",\"inLanguage\":\"zh-CN\",\"@id\":\"https:\/\/sinopecvietnam.com.vn\/zh-hans\/san-pham\/%e4%b8%ad%e5%9b%bd%e7%9f%b3%e5%8c%96-5040-%e8%88%b9%e7%94%a8%e6%b0%94%e7%bc%b8%e6%b2%b9\/#primaryimage\",\"url\":\"https:\/\/sinopecvietnam.com.vn\/wp-content\/uploads\/2022\/12\/sinopec-product-500x500-1.png\",\"contentUrl\":\"https:\/\/sinopecvietnam.com.vn\/wp-content\/uploads\/2022\/12\/sinopec-product-500x500-1.png\",\"width\":500,\"height\":500},{\"@type\":\"BreadcrumbList\",\"@id\":\"https:\/\/sinopecvietnam.com.vn\/zh-hans\/san-pham\/%e4%b8%ad%e5%9b%bd%e7%9f%b3%e5%8c%96-5040-%e8%88%b9%e7%94%a8%e6%b0%94%e7%bc%b8%e6%b2%b9\/#breadcrumb\",\"itemListElement\":[{\"@type\":\"ListItem\",\"position\":1,\"name\":\"Trang ch\u1ee7\",\"item\":\"https:\/\/sinopecvietnam.com.vn\/zh-hans\/%e4%b8%ad%e5%9b%bd%e7%9f%b3%e5%8c%96%e8%b6%8a%e5%8d%97\/\"},{\"@type\":\"ListItem\",\"position\":2,\"name\":\"\u5546\u5e97\",\"item\":\"https:\/\/sinopecvietnam.com.vn\/zh-hans\/%e5%95%86%e5%ba%97\/\"},{\"@type\":\"ListItem\",\"position\":3,\"name\":\"\u4e2d\u56fd\u77f3\u5316 5040 &#8211; \u8239\u7528\u6c14\u7f38\u6cb9\"}]},{\"@type\":\"WebSite\",\"@id\":\"https:\/\/sinopecvietnam.com.vn\/#website\",\"url\":\"https:\/\/sinopecvietnam.com.vn\/\",\"name\":\"Sinopec Vi\u1ec7t Nam | \u4e2d\u56fd\u77f3\u5316\u6da6\u6ed1\u6cb9\",\"description\":\"\u0110\u01a1n v\u1ecb cung c\u1ea5p s\u1ea3n ph\u1ea9m d\u1ea7u h\u00e0ng h\u1ea3i ch\u00ednh h\u00e3ng\",\"publisher\":{\"@id\":\"https:\/\/sinopecvietnam.com.vn\/#organization\"},\"potentialAction\":[{\"@type\":\"SearchAction\",\"target\":{\"@type\":\"EntryPoint\",\"urlTemplate\":\"https:\/\/sinopecvietnam.com.vn\/?s={search_term_string}\"},\"query-input\":{\"@type\":\"PropertyValueSpecification\",\"valueRequired\":true,\"valueName\":\"search_term_string\"}}],\"inLanguage\":\"zh-CN\"},{\"@type\":\"Organization\",\"@id\":\"https:\/\/sinopecvietnam.com.vn\/#organization\",\"name\":\"Sinopec Vi\u1ec7t Nam\",\"url\":\"https:\/\/sinopecvietnam.com.vn\/\",\"logo\":{\"@type\":\"ImageObject\",\"inLanguage\":\"zh-CN\",\"@id\":\"https:\/\/sinopecvietnam.com.vn\/#\/schema\/logo\/image\/\",\"url\":\"https:\/\/sinopecvietnam.com.vn\/wp-content\/uploads\/2026\/03\/sinopec-logo-png_seeklogo-284996.png\",\"contentUrl\":\"https:\/\/sinopecvietnam.com.vn\/wp-content\/uploads\/2026\/03\/sinopec-logo-png_seeklogo-284996.png\",\"width\":600,\"height\":600,\"caption\":\"Sinopec Vi\u1ec7t Nam\"},\"image\":{\"@id\":\"https:\/\/sinopecvietnam.com.vn\/#\/schema\/logo\/image\/\"},\"sameAs\":[\"https:\/\/www.facebook.com\/PRANAVIETNAM\/\"]}]}<\/script>\n<!-- \/ Yoast SEO Premium plugin. -->","yoast_head_json":{"title":"\u4e2d\u56fd\u77f3\u5316 5040 - \u8239\u7528\u6c14\u7f38\u6cb9 - Sinopec Vi\u1ec7t Nam","description":"\u8d2d\u4e70\u4e2d\u56fd\u77f3\u5316 5040 \u8239\u7528\u6c14\u7f38\u6cb9\u3002\u4e13\u4e3a\u4f4e\u901f\u4e8c\u51b2\u7a0b\u8239\u8236\u53d1\u52a8\u673a\u8bbe\u8ba1\uff0c\u63d0\u4f9b\u5353\u8d8a\u7684\u8010\u78e8\u4fdd\u62a4\u3002 \u83b7\u5f97 MAN, WinGD (W\u00e4rtsil\u00e4) \u548c\u4e09\u83f1 (Mitsubishi) \u7b49\u4e3b\u8981\u8bbe\u5907\u5236\u9020\u5546 (OEM) \u7684\u8ba4\u8bc1\u53ca\u63a8\u8350\u4f7f\u7528\u3002","robots":{"index":"index","follow":"follow","max-snippet":"max-snippet:-1","max-image-preview":"max-image-preview:large","max-video-preview":"max-video-preview:-1"},"canonical":"https:\/\/sinopecvietnam.com.vn\/zh-hans\/san-pham\/\u4e2d\u56fd\u77f3\u5316-5040-\u8239\u7528\u6c14\u7f38\u6cb9\/","og_locale":"zh_CN","og_type":"article","og_title":"\u4e2d\u56fd\u77f3\u5316 5040 - \u8239\u7528\u6c14\u7f38\u6cb9","og_description":"\u8d2d\u4e70\u4e2d\u56fd\u77f3\u5316 5040 \u8239\u7528\u6c14\u7f38\u6cb9\u3002\u4e13\u4e3a\u4f4e\u901f\u4e8c\u51b2\u7a0b\u8239\u8236\u53d1\u52a8\u673a\u8bbe\u8ba1\uff0c\u63d0\u4f9b\u5353\u8d8a\u7684\u8010\u78e8\u4fdd\u62a4\u3002 \u83b7\u5f97 MAN, WinGD (W\u00e4rtsil\u00e4) \u548c\u4e09\u83f1 (Mitsubishi) \u7b49\u4e3b\u8981\u8bbe\u5907\u5236\u9020\u5546 (OEM) \u7684\u8ba4\u8bc1\u53ca\u63a8\u8350\u4f7f\u7528\u3002","og_url":"https:\/\/sinopecvietnam.com.vn\/zh-hans\/san-pham\/\u4e2d\u56fd\u77f3\u5316-5040-\u8239\u7528\u6c14\u7f38\u6cb9\/","og_site_name":"Sinopec Vi\u1ec7t Nam","article_publisher":"https:\/\/www.facebook.com\/PRANAVIETNAM\/","og_image":[{"width":500,"height":500,"url":"https:\/\/sinopecvietnam.com.vn\/wp-content\/uploads\/2022\/12\/sinopec-product-500x500-1.png","type":"image\/png"}],"twitter_card":"summary_large_image","schema":{"@context":"https:\/\/schema.org","@graph":[{"@type":"WebPage","@id":"https:\/\/sinopecvietnam.com.vn\/zh-hans\/san-pham\/%e4%b8%ad%e5%9b%bd%e7%9f%b3%e5%8c%96-5040-%e8%88%b9%e7%94%a8%e6%b0%94%e7%bc%b8%e6%b2%b9\/","url":"https:\/\/sinopecvietnam.com.vn\/zh-hans\/san-pham\/%e4%b8%ad%e5%9b%bd%e7%9f%b3%e5%8c%96-5040-%e8%88%b9%e7%94%a8%e6%b0%94%e7%bc%b8%e6%b2%b9\/","name":"\u4e2d\u56fd\u77f3\u5316 5040 - \u8239\u7528\u6c14\u7f38\u6cb9 - Sinopec Vi\u1ec7t Nam","isPartOf":{"@id":"https:\/\/sinopecvietnam.com.vn\/#website"},"primaryImageOfPage":{"@id":"https:\/\/sinopecvietnam.com.vn\/zh-hans\/san-pham\/%e4%b8%ad%e5%9b%bd%e7%9f%b3%e5%8c%96-5040-%e8%88%b9%e7%94%a8%e6%b0%94%e7%bc%b8%e6%b2%b9\/#primaryimage"},"image":{"@id":"https:\/\/sinopecvietnam.com.vn\/zh-hans\/san-pham\/%e4%b8%ad%e5%9b%bd%e7%9f%b3%e5%8c%96-5040-%e8%88%b9%e7%94%a8%e6%b0%94%e7%bc%b8%e6%b2%b9\/#primaryimage"},"thumbnailUrl":"https:\/\/sinopecvietnam.com.vn\/wp-content\/uploads\/2022\/12\/sinopec-product-500x500-1.png","datePublished":"2022-12-07T00:46:54+00:00","description":"\u8d2d\u4e70\u4e2d\u56fd\u77f3\u5316 5040 \u8239\u7528\u6c14\u7f38\u6cb9\u3002\u4e13\u4e3a\u4f4e\u901f\u4e8c\u51b2\u7a0b\u8239\u8236\u53d1\u52a8\u673a\u8bbe\u8ba1\uff0c\u63d0\u4f9b\u5353\u8d8a\u7684\u8010\u78e8\u4fdd\u62a4\u3002 \u83b7\u5f97 MAN, WinGD (W\u00e4rtsil\u00e4) \u548c\u4e09\u83f1 (Mitsubishi) \u7b49\u4e3b\u8981\u8bbe\u5907\u5236\u9020\u5546 (OEM) \u7684\u8ba4\u8bc1\u53ca\u63a8\u8350\u4f7f\u7528\u3002","breadcrumb":{"@id":"https:\/\/sinopecvietnam.com.vn\/zh-hans\/san-pham\/%e4%b8%ad%e5%9b%bd%e7%9f%b3%e5%8c%96-5040-%e8%88%b9%e7%94%a8%e6%b0%94%e7%bc%b8%e6%b2%b9\/#breadcrumb"},"inLanguage":"zh-CN","potentialAction":[{"@type":"ReadAction","target":["https:\/\/sinopecvietnam.com.vn\/zh-hans\/san-pham\/%e4%b8%ad%e5%9b%bd%e7%9f%b3%e5%8c%96-5040-%e8%88%b9%e7%94%a8%e6%b0%94%e7%bc%b8%e6%b2%b9\/"]}]},{"@type":"ImageObject","inLanguage":"zh-CN","@id":"https:\/\/sinopecvietnam.com.vn\/zh-hans\/san-pham\/%e4%b8%ad%e5%9b%bd%e7%9f%b3%e5%8c%96-5040-%e8%88%b9%e7%94%a8%e6%b0%94%e7%bc%b8%e6%b2%b9\/#primaryimage","url":"https:\/\/sinopecvietnam.com.vn\/wp-content\/uploads\/2022\/12\/sinopec-product-500x500-1.png","contentUrl":"https:\/\/sinopecvietnam.com.vn\/wp-content\/uploads\/2022\/12\/sinopec-product-500x500-1.png","width":500,"height":500},{"@type":"BreadcrumbList","@id":"https:\/\/sinopecvietnam.com.vn\/zh-hans\/san-pham\/%e4%b8%ad%e5%9b%bd%e7%9f%b3%e5%8c%96-5040-%e8%88%b9%e7%94%a8%e6%b0%94%e7%bc%b8%e6%b2%b9\/#breadcrumb","itemListElement":[{"@type":"ListItem","position":1,"name":"Trang ch\u1ee7","item":"https:\/\/sinopecvietnam.com.vn\/zh-hans\/%e4%b8%ad%e5%9b%bd%e7%9f%b3%e5%8c%96%e8%b6%8a%e5%8d%97\/"},{"@type":"ListItem","position":2,"name":"\u5546\u5e97","item":"https:\/\/sinopecvietnam.com.vn\/zh-hans\/%e5%95%86%e5%ba%97\/"},{"@type":"ListItem","position":3,"name":"\u4e2d\u56fd\u77f3\u5316 5040 &#8211; \u8239\u7528\u6c14\u7f38\u6cb9"}]},{"@type":"WebSite","@id":"https:\/\/sinopecvietnam.com.vn\/#website","url":"https:\/\/sinopecvietnam.com.vn\/","name":"Sinopec Vi\u1ec7t Nam | \u4e2d\u56fd\u77f3\u5316\u6da6\u6ed1\u6cb9","description":"\u0110\u01a1n v\u1ecb cung c\u1ea5p s\u1ea3n ph\u1ea9m d\u1ea7u h\u00e0ng h\u1ea3i ch\u00ednh h\u00e3ng","publisher":{"@id":"https:\/\/sinopecvietnam.com.vn\/#organization"},"potentialAction":[{"@type":"SearchAction","target":{"@type":"EntryPoint","urlTemplate":"https:\/\/sinopecvietnam.com.vn\/?s={search_term_string}"},"query-input":{"@type":"PropertyValueSpecification","valueRequired":true,"valueName":"search_term_string"}}],"inLanguage":"zh-CN"},{"@type":"Organization","@id":"https:\/\/sinopecvietnam.com.vn\/#organization","name":"Sinopec Vi\u1ec7t Nam","url":"https:\/\/sinopecvietnam.com.vn\/","logo":{"@type":"ImageObject","inLanguage":"zh-CN","@id":"https:\/\/sinopecvietnam.com.vn\/#\/schema\/logo\/image\/","url":"https:\/\/sinopecvietnam.com.vn\/wp-content\/uploads\/2026\/03\/sinopec-logo-png_seeklogo-284996.png","contentUrl":"https:\/\/sinopecvietnam.com.vn\/wp-content\/uploads\/2026\/03\/sinopec-logo-png_seeklogo-284996.png","width":600,"height":600,"caption":"Sinopec Vi\u1ec7t Nam"},"image":{"@id":"https:\/\/sinopecvietnam.com.vn\/#\/schema\/logo\/image\/"},"sameAs":["https:\/\/www.facebook.com\/PRANAVIETNAM\/"]}]}},"_links":{"self":[{"href":"https:\/\/sinopecvietnam.com.vn\/zh-hans\/wp-json\/wp\/v2\/product\/2183","targetHints":{"allow":["GET"]}}],"collection":[{"href":"https:\/\/sinopecvietnam.com.vn\/zh-hans\/wp-json\/wp\/v2\/product"}],"about":[{"href":"https:\/\/sinopecvietnam.com.vn\/zh-hans\/wp-json\/wp\/v2\/types\/product"}],"wp:featuredmedia":[{"embeddable":true,"href":"https:\/\/sinopecvietnam.com.vn\/zh-hans\/wp-json\/wp\/v2\/media\/2152"}],"wp:attachment":[{"href":"https:\/\/sinopecvietnam.com.vn\/zh-hans\/wp-json\/wp\/v2\/media?parent=2183"}],"wp:term":[{"taxonomy":"product_brand","embeddable":true,"href":"https:\/\/sinopecvietnam.com.vn\/zh-hans\/wp-json\/wp\/v2\/product_brand?post=2183"},{"taxonomy":"product_cat","embeddable":true,"href":"https:\/\/sinopecvietnam.com.vn\/zh-hans\/wp-json\/wp\/v2\/product_cat?post=2183"},{"taxonomy":"product_tag","embeddable":true,"href":"https:\/\/sinopecvietnam.com.vn\/zh-hans\/wp-json\/wp\/v2\/product_tag?post=2183"}],"curies":[{"name":"wp","href":"https:\/\/api.w.org\/{rel}","templated":true}]}}