{"id":3596,"date":"2026-03-31T17:22:12","date_gmt":"2026-03-31T10:22:12","guid":{"rendered":"https:\/\/sinopecvietnam.com.vn\/san-pham\/dau-thuy-luc-l-hv\/"},"modified":"2026-03-31T17:22:12","modified_gmt":"2026-03-31T10:22:12","slug":"dau-thuy-luc-l-hv","status":"publish","type":"product","link":"https:\/\/sinopecvietnam.com.vn\/en\/san-pham\/dau-thuy-luc-l-hv\/","title":{"rendered":"D\u1ea7u th\u1ee7y l\u1ef1c L-HV"},"content":{"rendered":"<div>D\u1ea7u th\u1ee7y l\u1ef1c Sinopec L-HV l\u00e0 d\u00f2ng s\u1ea3n ph\u1ea9m cao c\u1ea5p \u0111\u01b0\u1ee3c pha ch\u1ebf t\u1eeb d\u1ea7u g\u1ed1c kho\u00e1ng ch\u1ea5t \u0111\u01b0\u1ee3c ch\u1ecdn l\u1ecdc v\u00e0 tinh ch\u1ebf k\u1ef9 l\u01b0\u1ee1ng, k\u1ebft h\u1ee3p v\u1edbi h\u1ec7 ph\u1ee5 gia \u0111a ch\u1ee9c n\u0103ng ti\u00ean ti\u1ebfn. D\u00f2ng s\u1ea3n ph\u1ea9m c\u00f3 ch\u1ec9 s\u1ed1 \u0111\u1ed9 nh\u1edbt cao v\u00e0 \u0111i\u1ec3m \u0111\u00f4ng \u0111\u1eb7c th\u1ea5p, \u0111\u01b0\u1ee3c thi\u1ebft k\u1ebf \u0111\u1eb7c bi\u1ec7t \u0111\u1ec3 \u0111\u00e1p \u1ee9ng c\u00e1c y\u00eau c\u1ea7u c\u1ee7a h\u1ec7 th\u1ed1ng th\u1ee7y l\u1ef1c \u00e1p su\u1ea5t trung b\u00ecnh \u0111\u1ebfn cao ho\u1ea1t \u0111\u1ed9ng ngo\u00e0i tr\u1eddi \u1edf v\u00f9ng l\u1ea1nh ho\u1eb7c n\u01a1i c\u00f3 s\u1ef1 thay \u0111\u1ed5i l\u1edbn v\u1ec1 nhi\u1ec7t \u0111\u1ed9 m\u00f4i tr\u01b0\u1eddng. <\/div>\n<div><\/div>\n<div>T\u00ednh n\u0103ng v\u01b0\u1ee3t tr\u1ed9i:<\/div>\n<div>1. Ch\u1ec9 s\u1ed1 \u0111\u1ed9 nh\u1edbt cao v\u00e0 \u0111i\u1ec3m \u0111\u00f4ng \u0111\u1eb7c th\u1ea5p &#8211; \u0110\u1ea3m b\u1ea3o t\u00ednh l\u01b0u \u0111\u1ed9ng tuy\u1ec7t v\u1eddi \u1edf nhi\u1ec7t \u0111\u1ed9 th\u1ea5p, kh\u1ea3 n\u0103ng kh\u1edfi \u0111\u1ed9ng nhanh, b\u1ea3o v\u1ec7 h\u1ec7 th\u1ed1ng th\u1ee7y l\u1ef1c kh\u1ecfi m\u00e0i m\u00f2n ngay khi kh\u1edfi \u0111\u1ed9ng<\/div>\n<div>2. \u0110\u1ed9 \u1ed5n \u0111\u1ecbnh c\u1eaft v\u01b0\u1ee3t tr\u1ed9i &#8211; Duy tr\u00ec \u0111\u1ed9 d\u00e0y m\u00e0ng d\u1ea7u t\u1ed1t trong \u0111i\u1ec1u ki\u1ec7n v\u1eadn h\u00e0nh kh\u1eafc nghi\u1ec7t, b\u1ea3o v\u1ec7 c\u00e1c th\u00e0nh ph\u1ea7n h\u1ec7 th\u1ed1ng<\/div>\n<div>3. Kh\u1ea3 n\u0103ng ch\u1ed1ng m\u00e0i m\u00f2n xu\u1ea5t s\u1eafc &#8211; B\u1ea3o v\u1ec7 t\u1ed1i \u01b0u cho b\u01a1m th\u1ee7y l\u1ef1c v\u00e0 c\u00e1c chi ti\u1ebft chuy\u1ec3n \u0111\u1ed9ng, k\u00e9o d\u00e0i tu\u1ed5i th\u1ecd thi\u1ebft b\u1ecb<\/div>\n<div>4. Kh\u1ea3 n\u0103ng t\u00e1ch n\u01b0\u1edbc nhanh &#8211; Tr\u00e1nh hi\u1ec7n t\u01b0\u1ee3ng nh\u0169 t\u01b0\u01a1ng, b\u1ea3o v\u1ec7 h\u1ec7 th\u1ed1ng kh\u1ecfi han g\u1ec9<\/div>\n<div>5. Ch\u1ed1ng r\u1ec9 v\u00e0 ch\u1ed1ng \u0103n m\u00f2n &#8211; B\u1ea3o v\u1ec7 c\u00e1c b\u1ed9 ph\u1eadn kim lo\u1ea1i kh\u1ecfi t\u00e1c \u0111\u1ed9ng c\u1ee7a n\u01b0\u1edbc v\u00e0 h\u00f3a ch\u1ea5t<\/div>\n<div>6. Ch\u1ed1ng b\u1ecdt v\u00e0 tho\u00e1t kh\u00ed nhanh &#8211; \u0110\u1ea3m b\u1ea3o truy\u1ec1n \u0111\u1ed9ng \u1ed5n \u0111\u1ecbnh, \u00eam \u00e1i, ch\u00ednh x\u00e1c<\/div>\n<div>7. \u0110\u1ed9 \u1ed5n \u0111\u1ecbnh th\u1ee7y ph\u00e2n v\u00e0 kh\u1ea3 n\u0103ng l\u1ecdc t\u1ed1t &#8211; Ng\u0103n ng\u1eeba t\u1eafc ngh\u1ebdn b\u1ed9 l\u1ecdc, \u0111\u1ea3m b\u1ea3o hi\u1ec7u su\u1ea5t t\u1ed1i \u01b0u<\/div>\n<div>8. T\u01b0\u01a1ng th\u00edch t\u1ed1t v\u1edbi v\u1eadt li\u1ec7u l\u00e0m k\u00edn &#8211; Ng\u0103n ng\u1eeba r\u00f2 r\u1ec9 d\u1ea7u, k\u00e9o d\u00e0i tu\u1ed5i th\u1ecd ph\u1edbt<\/div>\n<div><\/div>\n<div>Ph\u1ea1m vi \u1ee9ng d\u1ee5ng:<\/div>\n<div>&#8211; H\u1ec7 th\u1ed1ng th\u1ee7y l\u1ef1c \u00e1p su\u1ea5t trung b\u00ecnh \u0111\u1ebfn cao ho\u1ea1t \u0111\u1ed9ng ngo\u00e0i tr\u1eddi \u1edf v\u00f9ng l\u1ea1nh ho\u1eb7c n\u01a1i c\u00f3 bi\u1ebfn \u0111\u1ed9ng nhi\u1ec7t \u0111\u1ed9 l\u1edbn<\/div>\n<div>&#8211; Ng\u00e0nh h\u00e0ng h\u1ea3i, x\u00e2y d\u1ef1ng, khai th\u00e1c m\u1ecf, d\u1ea7u kh\u00ed<\/div>\n<div>&#8211; B\u01a1m c\u00e1nh g\u1ea1t v\u00e0 b\u01a1m b\u00e1nh r\u0103ng ho\u1ea1t \u0111\u1ed9ng d\u01b0\u1edbi \u00e1p su\u1ea5t cao v\u00e0 nhi\u1ec7t \u0111\u1ed9 th\u1ea5p<\/div>\n<div>&#8211; H\u1ec7 th\u1ed1ng th\u1ee7y l\u1ef1c s\u1eed d\u1ee5ng b\u01a1m piston h\u01b0\u1edbng tr\u1ee5c v\u00e0 h\u01b0\u1edbng k\u00ednh<\/div>\n<div>&#8211; Thi\u1ebft b\u1ecb c\u00f4ng tr\u00ecnh, m\u00e1y x\u00e2y d\u1ef1ng, xe n\u00e2ng ho\u1ea1t \u0111\u1ed9ng trong \u0111i\u1ec1u ki\u1ec7n th\u1eddi ti\u1ebft l\u1ea1nh<\/div>\n<div><\/div>\n<div>C\u1ea5p \u0111\u1ed9 nh\u1edbt c\u00f3 s\u1eb5n: ISO VG 15, 22, 32, 46, 68, 100<\/div>\n<div><\/div>\n<div>Quy c\u00e1ch \u0111\u00f3ng g\u00f3i: Can 18L, 20L | Phuy 200L<\/div>\n<div><\/div>\n<div>H\u00e0ng ch\u00ednh h\u00e3ng Sinopec &#8211; Giao h\u00e0ng to\u00e0n qu\u1ed1c &#8211; T\u01b0 v\u1ea5n k\u1ef9 thu\u1eadt 24\/7<\/div>\n","protected":false},"excerpt":{"rendered":"<p>D\u1ea7u th\u1ee7y l\u1ef1c Sinopec L-HV l\u00e0 d\u00f2ng s\u1ea3n ph\u1ea9m cao c\u1ea5p \u0111\u01b0\u1ee3c pha ch\u1ebf t\u1eeb d\u1ea7u g\u1ed1c kho\u00e1ng ch\u1ea5t \u0111\u01b0\u1ee3c ch\u1ecdn l\u1ecdc v\u00e0 tinh ch\u1ebf k\u1ef9 l\u01b0\u1ee1ng, k\u1ebft h\u1ee3p v\u1edbi h\u1ec7 ph\u1ee5 gia \u0111a ch\u1ee9c n\u0103ng ti\u00ean ti\u1ebfn. D\u00f2ng s\u1ea3n ph\u1ea9m c\u00f3 ch\u1ec9 s\u1ed1 \u0111\u1ed9 nh\u1edbt cao v\u00e0 \u0111i\u1ec3m \u0111\u00f4ng \u0111\u1eb7c th\u1ea5p, \u0111\u01b0\u1ee3c thi\u1ebft k\u1ebf [&#8230;]\n","protected":false},"featured_media":2633,"template":"","meta":[],"product_brand":[],"product_cat":[175],"product_tag":[785,791,786,795,792,793,794,784,522,790,787,788,789],"class_list":{"0":"post-3596","1":"product","2":"type-product","3":"status-publish","4":"has-post-thumbnail","6":"product_cat-hydraulic-oil","7":"product_tag-dau-thuy-luc-l-hv","8":"product_tag-dau-thuy-luc-nhiet-do-thap","9":"product_tag-l-hv","10":"product_tag-l-hv-100","11":"product_tag-l-hv-32","12":"product_tag-l-hv-46","13":"product_tag-l-hv-68","14":"product_tag-sinopec","15":"product_tag-522","16":"product_tag-790","17":"product_tag--l-hv","18":"product_tag-788","19":"product_tag-789","21":"first","22":"instock","23":"sold-individually","24":"shipping-taxable","25":"purchasable","26":"product-type-variable"},"yoast_head":"<!-- This site is optimized with the Yoast SEO Premium plugin v20.1 (Yoast SEO v27.1.1) - https:\/\/yoast.com\/product\/yoast-seo-premium-wordpress\/ -->\n<title>D\u1ea7u th\u1ee7y l\u1ef1c L-HV - Sinopec Vi\u1ec7t Nam | \u4e2d\u56fd\u77f3\u5316\u6da6\u6ed1\u6cb9<\/title>\n<meta name=\"description\" content=\"D\u1ea7u th\u1ee7y l\u1ef1c Sinopec L-HV ch\u00ednh h\u00e3ng - ch\u1ec9 s\u1ed1 \u0111\u1ed9 nh\u1edbt cao, kh\u1edfi \u0111\u1ed9ng t\u1ed1t \u1edf nhi\u1ec7t \u0111\u1ed9 th\u1ea5p. C\u1ea5p \u0111\u1ed9 nh\u1edbt: 32, 46, 68, 100. Giao h\u00e0ng to\u00e0n qu\u1ed1c. \u957f\u57ce\u4f4e\u6e29\u6db2\u538b\u6cb9 L-HV \u6b63\u54c1\" \/>\n<meta name=\"robots\" content=\"index, follow, max-snippet:-1, max-image-preview:large, max-video-preview:-1\" \/>\n<link rel=\"canonical\" href=\"https:\/\/sinopecvietnam.com.vn\/en\/san-pham\/dau-thuy-luc-l-hv\/\" \/>\n<meta property=\"og:locale\" content=\"en_US\" \/>\n<meta property=\"og:type\" content=\"article\" \/>\n<meta property=\"og:title\" content=\"D\u1ea7u th\u1ee7y l\u1ef1c L-HV\" \/>\n<meta property=\"og:description\" content=\"D\u1ea7u th\u1ee7y l\u1ef1c Sinopec L-HV ch\u00ednh h\u00e3ng - ch\u1ec9 s\u1ed1 \u0111\u1ed9 nh\u1edbt cao, kh\u1edfi \u0111\u1ed9ng t\u1ed1t \u1edf nhi\u1ec7t \u0111\u1ed9 th\u1ea5p. C\u1ea5p \u0111\u1ed9 nh\u1edbt: 32, 46, 68, 100. Giao h\u00e0ng to\u00e0n qu\u1ed1c. \u957f\u57ce\u4f4e\u6e29\u6db2\u538b\u6cb9 L-HV \u6b63\u54c1\" \/>\n<meta property=\"og:url\" content=\"https:\/\/sinopecvietnam.com.vn\/en\/san-pham\/dau-thuy-luc-l-hv\/\" \/>\n<meta property=\"og:site_name\" content=\"Sinopec Vi\u1ec7t Nam | \u4e2d\u56fd\u77f3\u5316\u6da6\u6ed1\u6cb9\" \/>\n<meta property=\"article:publisher\" content=\"https:\/\/www.facebook.com\/PRANAVIETNAM\/\" \/>\n<meta property=\"og:image\" content=\"https:\/\/sinopecvietnam.com.vn\/wp-content\/uploads\/2026\/03\/Screenshot-2026-03-31-171104.png\" \/>\n\t<meta property=\"og:image:width\" content=\"751\" \/>\n\t<meta property=\"og:image:height\" content=\"918\" \/>\n\t<meta property=\"og:image:type\" content=\"image\/png\" \/>\n<meta name=\"twitter:card\" content=\"summary_large_image\" \/>\n<meta name=\"twitter:label1\" content=\"Est. reading time\" \/>\n\t<meta name=\"twitter:data1\" content=\"3 minutes\" \/>\n<script type=\"application\/ld+json\" class=\"yoast-schema-graph\">{\"@context\":\"https:\/\/schema.org\",\"@graph\":[{\"@type\":\"WebPage\",\"@id\":\"https:\/\/sinopecvietnam.com.vn\/en\/san-pham\/dau-thuy-luc-l-hv\/\",\"url\":\"https:\/\/sinopecvietnam.com.vn\/en\/san-pham\/dau-thuy-luc-l-hv\/\",\"name\":\"D\u1ea7u th\u1ee7y l\u1ef1c L-HV - Sinopec Vi\u1ec7t Nam | \u4e2d\u56fd\u77f3\u5316\u6da6\u6ed1\u6cb9\",\"isPartOf\":{\"@id\":\"https:\/\/sinopecvietnam.com.vn\/#website\"},\"primaryImageOfPage\":{\"@id\":\"https:\/\/sinopecvietnam.com.vn\/en\/san-pham\/dau-thuy-luc-l-hv\/#primaryimage\"},\"image\":{\"@id\":\"https:\/\/sinopecvietnam.com.vn\/en\/san-pham\/dau-thuy-luc-l-hv\/#primaryimage\"},\"thumbnailUrl\":\"https:\/\/sinopecvietnam.com.vn\/wp-content\/uploads\/2026\/03\/Screenshot-2026-03-31-171104.png\",\"datePublished\":\"2026-03-31T10:22:12+00:00\",\"description\":\"D\u1ea7u th\u1ee7y l\u1ef1c Sinopec L-HV ch\u00ednh h\u00e3ng - ch\u1ec9 s\u1ed1 \u0111\u1ed9 nh\u1edbt cao, kh\u1edfi \u0111\u1ed9ng t\u1ed1t \u1edf nhi\u1ec7t \u0111\u1ed9 th\u1ea5p. C\u1ea5p \u0111\u1ed9 nh\u1edbt: 32, 46, 68, 100. Giao h\u00e0ng to\u00e0n qu\u1ed1c. \u957f\u57ce\u4f4e\u6e29\u6db2\u538b\u6cb9 L-HV \u6b63\u54c1\",\"breadcrumb\":{\"@id\":\"https:\/\/sinopecvietnam.com.vn\/en\/san-pham\/dau-thuy-luc-l-hv\/#breadcrumb\"},\"inLanguage\":\"en-US\",\"potentialAction\":[{\"@type\":\"ReadAction\",\"target\":[\"https:\/\/sinopecvietnam.com.vn\/en\/san-pham\/dau-thuy-luc-l-hv\/\"]}]},{\"@type\":\"ImageObject\",\"inLanguage\":\"en-US\",\"@id\":\"https:\/\/sinopecvietnam.com.vn\/en\/san-pham\/dau-thuy-luc-l-hv\/#primaryimage\",\"url\":\"https:\/\/sinopecvietnam.com.vn\/wp-content\/uploads\/2026\/03\/Screenshot-2026-03-31-171104.png\",\"contentUrl\":\"https:\/\/sinopecvietnam.com.vn\/wp-content\/uploads\/2026\/03\/Screenshot-2026-03-31-171104.png\",\"width\":751,\"height\":918},{\"@type\":\"BreadcrumbList\",\"@id\":\"https:\/\/sinopecvietnam.com.vn\/en\/san-pham\/dau-thuy-luc-l-hv\/#breadcrumb\",\"itemListElement\":[{\"@type\":\"ListItem\",\"position\":1,\"name\":\"Trang ch\u1ee7\",\"item\":\"https:\/\/sinopecvietnam.com.vn\/en\/\"},{\"@type\":\"ListItem\",\"position\":2,\"name\":\"Shop\",\"item\":\"https:\/\/sinopecvietnam.com.vn\/en\/shop\/\"},{\"@type\":\"ListItem\",\"position\":3,\"name\":\"D\u1ea7u th\u1ee7y l\u1ef1c L-HV\"}]},{\"@type\":\"WebSite\",\"@id\":\"https:\/\/sinopecvietnam.com.vn\/#website\",\"url\":\"https:\/\/sinopecvietnam.com.vn\/\",\"name\":\"Sinopec Vi\u1ec7t Nam | \u4e2d\u56fd\u77f3\u5316\u6da6\u6ed1\u6cb9\",\"description\":\"\u0110\u01a1n v\u1ecb cung c\u1ea5p s\u1ea3n ph\u1ea9m d\u1ea7u h\u00e0ng h\u1ea3i ch\u00ednh h\u00e3ng\",\"publisher\":{\"@id\":\"https:\/\/sinopecvietnam.com.vn\/#organization\"},\"potentialAction\":[{\"@type\":\"SearchAction\",\"target\":{\"@type\":\"EntryPoint\",\"urlTemplate\":\"https:\/\/sinopecvietnam.com.vn\/?s={search_term_string}\"},\"query-input\":{\"@type\":\"PropertyValueSpecification\",\"valueRequired\":true,\"valueName\":\"search_term_string\"}}],\"inLanguage\":\"en-US\"},{\"@type\":\"Organization\",\"@id\":\"https:\/\/sinopecvietnam.com.vn\/#organization\",\"name\":\"Sinopec Vi\u1ec7t Nam\",\"url\":\"https:\/\/sinopecvietnam.com.vn\/\",\"logo\":{\"@type\":\"ImageObject\",\"inLanguage\":\"en-US\",\"@id\":\"https:\/\/sinopecvietnam.com.vn\/#\/schema\/logo\/image\/\",\"url\":\"https:\/\/sinopecvietnam.com.vn\/wp-content\/uploads\/2026\/03\/sinopec-logo-png_seeklogo-284996.png\",\"contentUrl\":\"https:\/\/sinopecvietnam.com.vn\/wp-content\/uploads\/2026\/03\/sinopec-logo-png_seeklogo-284996.png\",\"width\":600,\"height\":600,\"caption\":\"Sinopec Vi\u1ec7t Nam\"},\"image\":{\"@id\":\"https:\/\/sinopecvietnam.com.vn\/#\/schema\/logo\/image\/\"},\"sameAs\":[\"https:\/\/www.facebook.com\/PRANAVIETNAM\/\"]}]}<\/script>\n<!-- \/ Yoast SEO Premium plugin. -->","yoast_head_json":{"title":"D\u1ea7u th\u1ee7y l\u1ef1c L-HV - Sinopec Vi\u1ec7t Nam | \u4e2d\u56fd\u77f3\u5316\u6da6\u6ed1\u6cb9","description":"D\u1ea7u th\u1ee7y l\u1ef1c Sinopec L-HV ch\u00ednh h\u00e3ng - ch\u1ec9 s\u1ed1 \u0111\u1ed9 nh\u1edbt cao, kh\u1edfi \u0111\u1ed9ng t\u1ed1t \u1edf nhi\u1ec7t \u0111\u1ed9 th\u1ea5p. C\u1ea5p \u0111\u1ed9 nh\u1edbt: 32, 46, 68, 100. Giao h\u00e0ng to\u00e0n qu\u1ed1c. \u957f\u57ce\u4f4e\u6e29\u6db2\u538b\u6cb9 L-HV \u6b63\u54c1","robots":{"index":"index","follow":"follow","max-snippet":"max-snippet:-1","max-image-preview":"max-image-preview:large","max-video-preview":"max-video-preview:-1"},"canonical":"https:\/\/sinopecvietnam.com.vn\/en\/san-pham\/dau-thuy-luc-l-hv\/","og_locale":"en_US","og_type":"article","og_title":"D\u1ea7u th\u1ee7y l\u1ef1c L-HV","og_description":"D\u1ea7u th\u1ee7y l\u1ef1c Sinopec L-HV ch\u00ednh h\u00e3ng - ch\u1ec9 s\u1ed1 \u0111\u1ed9 nh\u1edbt cao, kh\u1edfi \u0111\u1ed9ng t\u1ed1t \u1edf nhi\u1ec7t \u0111\u1ed9 th\u1ea5p. C\u1ea5p \u0111\u1ed9 nh\u1edbt: 32, 46, 68, 100. Giao h\u00e0ng to\u00e0n qu\u1ed1c. \u957f\u57ce\u4f4e\u6e29\u6db2\u538b\u6cb9 L-HV \u6b63\u54c1","og_url":"https:\/\/sinopecvietnam.com.vn\/en\/san-pham\/dau-thuy-luc-l-hv\/","og_site_name":"Sinopec Vi\u1ec7t Nam | \u4e2d\u56fd\u77f3\u5316\u6da6\u6ed1\u6cb9","article_publisher":"https:\/\/www.facebook.com\/PRANAVIETNAM\/","og_image":[{"width":751,"height":918,"url":"https:\/\/sinopecvietnam.com.vn\/wp-content\/uploads\/2026\/03\/Screenshot-2026-03-31-171104.png","type":"image\/png"}],"twitter_card":"summary_large_image","twitter_misc":{"Est. reading time":"3 minutes"},"schema":{"@context":"https:\/\/schema.org","@graph":[{"@type":"WebPage","@id":"https:\/\/sinopecvietnam.com.vn\/en\/san-pham\/dau-thuy-luc-l-hv\/","url":"https:\/\/sinopecvietnam.com.vn\/en\/san-pham\/dau-thuy-luc-l-hv\/","name":"D\u1ea7u th\u1ee7y l\u1ef1c L-HV - Sinopec Vi\u1ec7t Nam | \u4e2d\u56fd\u77f3\u5316\u6da6\u6ed1\u6cb9","isPartOf":{"@id":"https:\/\/sinopecvietnam.com.vn\/#website"},"primaryImageOfPage":{"@id":"https:\/\/sinopecvietnam.com.vn\/en\/san-pham\/dau-thuy-luc-l-hv\/#primaryimage"},"image":{"@id":"https:\/\/sinopecvietnam.com.vn\/en\/san-pham\/dau-thuy-luc-l-hv\/#primaryimage"},"thumbnailUrl":"https:\/\/sinopecvietnam.com.vn\/wp-content\/uploads\/2026\/03\/Screenshot-2026-03-31-171104.png","datePublished":"2026-03-31T10:22:12+00:00","description":"D\u1ea7u th\u1ee7y l\u1ef1c Sinopec L-HV ch\u00ednh h\u00e3ng - ch\u1ec9 s\u1ed1 \u0111\u1ed9 nh\u1edbt cao, kh\u1edfi \u0111\u1ed9ng t\u1ed1t \u1edf nhi\u1ec7t \u0111\u1ed9 th\u1ea5p. C\u1ea5p \u0111\u1ed9 nh\u1edbt: 32, 46, 68, 100. Giao h\u00e0ng to\u00e0n qu\u1ed1c. \u957f\u57ce\u4f4e\u6e29\u6db2\u538b\u6cb9 L-HV \u6b63\u54c1","breadcrumb":{"@id":"https:\/\/sinopecvietnam.com.vn\/en\/san-pham\/dau-thuy-luc-l-hv\/#breadcrumb"},"inLanguage":"en-US","potentialAction":[{"@type":"ReadAction","target":["https:\/\/sinopecvietnam.com.vn\/en\/san-pham\/dau-thuy-luc-l-hv\/"]}]},{"@type":"ImageObject","inLanguage":"en-US","@id":"https:\/\/sinopecvietnam.com.vn\/en\/san-pham\/dau-thuy-luc-l-hv\/#primaryimage","url":"https:\/\/sinopecvietnam.com.vn\/wp-content\/uploads\/2026\/03\/Screenshot-2026-03-31-171104.png","contentUrl":"https:\/\/sinopecvietnam.com.vn\/wp-content\/uploads\/2026\/03\/Screenshot-2026-03-31-171104.png","width":751,"height":918},{"@type":"BreadcrumbList","@id":"https:\/\/sinopecvietnam.com.vn\/en\/san-pham\/dau-thuy-luc-l-hv\/#breadcrumb","itemListElement":[{"@type":"ListItem","position":1,"name":"Trang ch\u1ee7","item":"https:\/\/sinopecvietnam.com.vn\/en\/"},{"@type":"ListItem","position":2,"name":"Shop","item":"https:\/\/sinopecvietnam.com.vn\/en\/shop\/"},{"@type":"ListItem","position":3,"name":"D\u1ea7u th\u1ee7y l\u1ef1c L-HV"}]},{"@type":"WebSite","@id":"https:\/\/sinopecvietnam.com.vn\/#website","url":"https:\/\/sinopecvietnam.com.vn\/","name":"Sinopec Vi\u1ec7t Nam | \u4e2d\u56fd\u77f3\u5316\u6da6\u6ed1\u6cb9","description":"\u0110\u01a1n v\u1ecb cung c\u1ea5p s\u1ea3n ph\u1ea9m d\u1ea7u h\u00e0ng h\u1ea3i ch\u00ednh h\u00e3ng","publisher":{"@id":"https:\/\/sinopecvietnam.com.vn\/#organization"},"potentialAction":[{"@type":"SearchAction","target":{"@type":"EntryPoint","urlTemplate":"https:\/\/sinopecvietnam.com.vn\/?s={search_term_string}"},"query-input":{"@type":"PropertyValueSpecification","valueRequired":true,"valueName":"search_term_string"}}],"inLanguage":"en-US"},{"@type":"Organization","@id":"https:\/\/sinopecvietnam.com.vn\/#organization","name":"Sinopec Vi\u1ec7t Nam","url":"https:\/\/sinopecvietnam.com.vn\/","logo":{"@type":"ImageObject","inLanguage":"en-US","@id":"https:\/\/sinopecvietnam.com.vn\/#\/schema\/logo\/image\/","url":"https:\/\/sinopecvietnam.com.vn\/wp-content\/uploads\/2026\/03\/sinopec-logo-png_seeklogo-284996.png","contentUrl":"https:\/\/sinopecvietnam.com.vn\/wp-content\/uploads\/2026\/03\/sinopec-logo-png_seeklogo-284996.png","width":600,"height":600,"caption":"Sinopec Vi\u1ec7t Nam"},"image":{"@id":"https:\/\/sinopecvietnam.com.vn\/#\/schema\/logo\/image\/"},"sameAs":["https:\/\/www.facebook.com\/PRANAVIETNAM\/"]}]}},"_links":{"self":[{"href":"https:\/\/sinopecvietnam.com.vn\/en\/wp-json\/wp\/v2\/product\/3596","targetHints":{"allow":["GET"]}}],"collection":[{"href":"https:\/\/sinopecvietnam.com.vn\/en\/wp-json\/wp\/v2\/product"}],"about":[{"href":"https:\/\/sinopecvietnam.com.vn\/en\/wp-json\/wp\/v2\/types\/product"}],"wp:featuredmedia":[{"embeddable":true,"href":"https:\/\/sinopecvietnam.com.vn\/en\/wp-json\/wp\/v2\/media\/2633"}],"wp:attachment":[{"href":"https:\/\/sinopecvietnam.com.vn\/en\/wp-json\/wp\/v2\/media?parent=3596"}],"wp:term":[{"taxonomy":"product_brand","embeddable":true,"href":"https:\/\/sinopecvietnam.com.vn\/en\/wp-json\/wp\/v2\/product_brand?post=3596"},{"taxonomy":"product_cat","embeddable":true,"href":"https:\/\/sinopecvietnam.com.vn\/en\/wp-json\/wp\/v2\/product_cat?post=3596"},{"taxonomy":"product_tag","embeddable":true,"href":"https:\/\/sinopecvietnam.com.vn\/en\/wp-json\/wp\/v2\/product_tag?post=3596"}],"curies":[{"name":"wp","href":"https:\/\/api.w.org\/{rel}","templated":true}]}}