{"id":2804,"date":"2026-04-03T10:25:38","date_gmt":"2026-04-03T03:25:38","guid":{"rendered":"https:\/\/sinopecvietnam.com.vn\/?post_type=product&#038;p=2804"},"modified":"2026-04-03T11:43:35","modified_gmt":"2026-04-03T04:43:35","slug":"sinopec-3008-marine-system-oil","status":"publish","type":"product","link":"https:\/\/sinopecvietnam.com.vn\/en\/san-pham\/sinopec-3008-marine-system-oil\/","title":{"rendered":"Sinopec 3008 Marine System Oil"},"content":{"rendered":"<p data-path-to-node=\"8\"><b data-path-to-node=\"8\" data-index-in-node=\"0\">Sinopec 3008 Marine System Oil<\/b> l\u00e0 d\u1ea7u h\u1ec7 th\u1ed1ng (System Oil) ch\u1ea5t l\u01b0\u1ee3ng cao c\u1ea5p, \u0111\u01b0\u1ee3c thi\u1ebft k\u1ebf \u0111\u1eb7c bi\u1ec7t \u0111\u1ec3 b\u00f4i tr\u01a1n h\u1ec7 th\u1ed1ng cacte c\u1ee7a c\u00e1c \u0111\u1ed9ng c\u01a1 Diesel \u0111\u1ea7u ch\u1eef th\u1eadp (crosshead) t\u1ed1c \u0111\u1ed9 th\u1ea5p c\u00f4ng su\u1ea5t l\u1edbn. S\u1ea3n ph\u1ea9m \u0111\u00e1p \u1ee9ng ho\u00e0n h\u1ea3o c\u00e1c y\u00eau c\u1ea7u b\u00f4i tr\u01a1n kh\u1eaft khe nh\u1ea5t, b\u1ea3o v\u1ec7 c\u00e1c b\u1ed9 ph\u1eadn chuy\u1ec3n \u0111\u1ed9ng v\u00e0 h\u1ec7 th\u1ed1ng l\u00e0m m\u00e1t piston d\u01b0\u1edbi \u00e1p l\u1ef1c nhi\u1ec7t cao.<\/p>\n<h3 data-path-to-node=\"9\"><b data-path-to-node=\"9\" data-index-in-node=\"0\">\u0110\u1eb7c t\u00ednh n\u1ed5i b\u1eadt \/ \u4ea7\u54c1\u7279\u70b9<\/b><\/h3>\n<ul data-path-to-node=\"10\">\n<li>\n<p data-path-to-node=\"10,0,0\"><b data-path-to-node=\"10,0,0\" data-index-in-node=\"0\">Trung h\u00f2a Axit v\u01b0\u1ee3t tr\u1ed9i (\u4f18\u5f02\u7684\u9178\u4e2d\u548c\u80fd\u529b):<\/b> V\u1edbi ch\u1ec9 s\u1ed1 TBN 8, d\u1ea7u gi\u00fap trung h\u00f2a hi\u1ec7u qu\u1ea3 c\u00e1c s\u1ea3n ph\u1ea9m axit r\u00f2 r\u1ec9 t\u1eeb bu\u1ed3ng ch\u00e1y, b\u1ea3o v\u1ec7 \u1ed5 \u0111\u1ee1 h\u1ee3p kim ch\u1ed1ng l\u1ea1i s\u1ef1 \u0103n m\u00f2n.<\/p>\n<\/li>\n<li>\n<p data-path-to-node=\"10,1,0\"><b data-path-to-node=\"10,1,0\" data-index-in-node=\"0\">T\u00e1ch n\u01b0\u1edbc v\u00e0 l\u1ecdc s\u1ea1ch c\u1ef1c t\u1ed1t (\u6781\u4f73\u7684\u5206\u6c34\u6027\u4e0e\u8fc7\u6ee4\u6027):<\/b> Kh\u1ea3 n\u0103ng t\u00e1ch n\u01b0\u1edbc bi\u1ec3n v\u00e0 n\u01b0\u1edbc ng\u1ecdt nhanh ch\u00f3ng, gi\u00fap h\u1ec7 th\u1ed1ng l\u1ecdc ly t\u00e2m ho\u1ea1t \u0111\u1ed9ng hi\u1ec7u qu\u1ea3, gi\u1eef d\u1ea7u lu\u00f4n s\u1ea1ch.<\/p>\n<\/li>\n<li>\n<p data-path-to-node=\"10,2,0\"><b data-path-to-node=\"10,2,0\" data-index-in-node=\"0\">\u0110\u1ed9 b\u1ec1n nhi\u1ec7t v\u00e0 ch\u1ed1ng oxy h\u00f3a (\u70ed\u7a33\u5b9a\u6027\u4e0e kh\u00e1ng \u6c27\u5316\u6027):<\/b> Duy tr\u00ec \u0111\u1ed9 nh\u1edbt \u1ed5n \u0111\u1ecbnh, kh\u00f4ng b\u1ecb bi\u1ebfn ch\u1ea5t hay t\u1ea1o b\u00f9n ngay c\u1ea3 khi v\u1eadn h\u00e0nh li\u00ean t\u1ee5c \u1edf nhi\u1ec7t \u0111\u1ed9 cao.<\/p>\n<\/li>\n<li>\n<p data-path-to-node=\"10,3,0\"><b data-path-to-node=\"10,3,0\" data-index-in-node=\"0\">Ch\u1ed1ng m\u00e0i m\u00f2n ho\u00e0n h\u1ea3o (\u6297\u78e8\u635f\u4fdd\u62a4):<\/b> T\u1ea1o m\u00e0ng d\u1ea7u v\u1eefng ch\u1eafc b\u1ea3o v\u1ec7 tr\u1ee5c khu\u1ef7u, \u1ed5 \u0111\u1ee1 v\u00e0 c\u00e1c chi ti\u1ebft truy\u1ec1n \u0111\u1ed9ng ch\u00ednh.<\/p>\n<\/li>\n<\/ul>\n<h3 data-path-to-node=\"11\"><b data-path-to-node=\"11\" data-index-in-node=\"0\">\u1ee8ng d\u1ee5ng ch\u00ednh \/ \u6838\u5fc3\u5e94\u7528<\/b><\/h3>\n<ul data-path-to-node=\"12\">\n<li>\n<p data-path-to-node=\"12,0,0\">H\u1ec7 th\u1ed1ng cacte c\u1ee7a \u0111\u1ed9ng c\u01a1 Diesel h\u00e0ng h\u1ea3i th\u1ea5p t\u1ed1c (MAN B&amp;W, WinGD, Mitsubishi&#8230;).<\/p>\n<\/li>\n<li>\n<p data-path-to-node=\"12,1,0\">H\u1ec7 th\u1ed1ng l\u00e0m m\u00e1t piston trong c\u00e1c \u0111\u1ed9ng c\u01a1 hi\u1ec7n \u0111\u1ea1i.<\/p>\n<\/li>\n<li>\n<p data-path-to-node=\"12,2,0\">B\u00f4i tr\u01a1n c\u00e1c thi\u1ebft b\u1ecb ph\u1ee5 tr\u1ee3, tr\u1ee5c \u0111u\u00f4i t\u00e0u v\u00e0 c\u00e1c h\u1ec7 th\u1ed1ng tu\u1ea7n ho\u00e0n y\u00eau c\u1ea7u d\u1ea7u SAE 30 c\u00f3 tr\u1ecb s\u1ed1 ki\u1ec1m.<\/p>\n<\/li>\n<\/ul>\n<h3 data-path-to-node=\"13\"><b data-path-to-node=\"13\" data-index-in-node=\"0\">Th\u00f4ng s\u1ed1 k\u1ef9 thu\u1eadt (Typical Data)<\/b><\/h3>\n<table data-path-to-node=\"14\">\n<thead>\n<tr>\n<td><strong>\u0110\u1eb7c t\u00ednh (Properties)<\/strong><\/td>\n<td><strong>Ph\u01b0\u01a1ng ph\u00e1p (Method)<\/strong><\/td>\n<td><strong>K\u1ebft qu\u1ea3 (Typical)<\/strong><\/td>\n<\/tr>\n<\/thead>\n<tbody>\n<tr>\n<td><span data-path-to-node=\"14,1,0,0\"><b data-path-to-node=\"14,1,0,0\" data-index-in-node=\"0\">C\u1ea5p \u0111\u1ed9 nh\u1edbt SAE<\/b><\/span><\/td>\n<td><span data-path-to-node=\"14,1,1,0\">&#8211;<\/span><\/td>\n<td><span data-path-to-node=\"14,1,2,0\"><b data-path-to-node=\"14,1,2,0\" data-index-in-node=\"0\">30<\/b><\/span><\/td>\n<\/tr>\n<tr>\n<td><span data-path-to-node=\"14,2,0,0\"><b data-path-to-node=\"14,2,0,0\" data-index-in-node=\"0\">TBN (Tr\u1ecb s\u1ed1 ki\u1ec1m t\u1ed5ng)<\/b><\/span><\/td>\n<td><span data-path-to-node=\"14,2,1,0\">ASTM D2896<\/span><\/td>\n<td><span data-path-to-node=\"14,2,2,0\"><b data-path-to-node=\"14,2,2,0\" data-index-in-node=\"0\">8.0 mgKOH\/g<\/b><\/span><\/td>\n<\/tr>\n<tr>\n<td><span data-path-to-node=\"14,3,0,0\"><b data-path-to-node=\"14,3,0,0\" data-index-in-node=\"0\">\u0110\u1ed9 nh\u1edbt \u0111\u1ed9ng h\u1ecdc @ 100\u00b0C<\/b><\/span><\/td>\n<td><span data-path-to-node=\"14,3,1,0\">ASTM D445<\/span><\/td>\n<td><span data-path-to-node=\"14,3,2,0\">11.5 cSt<\/span><\/td>\n<\/tr>\n<tr>\n<td><span data-path-to-node=\"14,4,0,0\"><b data-path-to-node=\"14,4,0,0\" data-index-in-node=\"0\">Ch\u1ec9 s\u1ed1 \u0111\u1ed9 nh\u1edbt (VI)<\/b><\/span><\/td>\n<td><span data-path-to-node=\"14,4,1,0\">ASTM D2270<\/span><\/td>\n<td><span data-path-to-node=\"14,4,2,0\">100<\/span><\/td>\n<\/tr>\n<tr>\n<td><span data-path-to-node=\"14,5,0,0\"><b data-path-to-node=\"14,5,0,0\" data-index-in-node=\"0\">\u0110i\u1ec3m ch\u1edbp ch\u00e1y (Flash Point)<\/b><\/span><\/td>\n<td><span data-path-to-node=\"14,5,1,0\">ASTM D92<\/span><\/td>\n<td><span data-path-to-node=\"14,5,2,0\">242\u00b0C<\/span><\/td>\n<\/tr>\n<tr>\n<td><span data-path-to-node=\"14,6,0,0\"><b data-path-to-node=\"14,6,0,0\" data-index-in-node=\"0\">\u0110i\u1ec3m \u0111\u00f4ng \u0111\u1eb7c (Pour Point)<\/b><\/span><\/td>\n<td><span data-path-to-node=\"14,6,1,0\">ASTM D97<\/span><\/td>\n<td><span data-path-to-node=\"14,6,2,0\">-15\u00b0C<\/span><\/td>\n<\/tr>\n<\/tbody>\n<\/table>\n","protected":false},"excerpt":{"rendered":"<p>Sinopec 3008 Marine System Oil l\u00e0 d\u1ea7u h\u1ec7 th\u1ed1ng (System Oil) ch\u1ea5t l\u01b0\u1ee3ng cao c\u1ea5p, \u0111\u01b0\u1ee3c thi\u1ebft k\u1ebf \u0111\u1eb7c bi\u1ec7t \u0111\u1ec3 b\u00f4i tr\u01a1n h\u1ec7 th\u1ed1ng cacte c\u1ee7a c\u00e1c \u0111\u1ed9ng c\u01a1 Diesel \u0111\u1ea7u ch\u1eef th\u1eadp (crosshead) t\u1ed1c \u0111\u1ed9 th\u1ea5p c\u00f4ng su\u1ea5t l\u1edbn. S\u1ea3n ph\u1ea9m \u0111\u00e1p \u1ee9ng ho\u00e0n h\u1ea3o c\u00e1c y\u00eau c\u1ea7u b\u00f4i tr\u01a1n kh\u1eaft khe nh\u1ea5t, [&#8230;]\n","protected":false},"featured_media":0,"template":"","meta":[],"product_brand":[],"product_cat":[185],"product_tag":[529,517,528,523,518,524,525,527,509,526,530,522,531,513,511,532],"class_list":{"0":"post-2804","1":"product","2":"type-product","3":"status-publish","5":"product_cat-system-oil","6":"product_tag-529","7":"product_tag-dau-cacte-tau-bien","8":"product_tag-dau-dong-co-tau-bien-chinh-hang","9":"product_tag-dau-he-thong-hang-hai","10":"product_tag-dau-nhot-sae-30","11":"product_tag-dau-nhot-tau-thuy","12":"product_tag-sinopec-3008","13":"product_tag-sinopec-marine-oil","14":"product_tag-sinopec","15":"product_tag-tbn-8","16":"product_tag-tbn-8-","17":"product_tag-522","18":"product_tag-531","19":"product_tag-513","20":"product_tag-511","21":"product_tag-532","23":"first","24":"instock","25":"sold-individually","26":"shipping-taxable","27":"purchasable","28":"product-type-variable"},"yoast_head":"<!-- This site is optimized with the Yoast SEO Premium plugin v20.1 (Yoast SEO v27.1.1) - https:\/\/yoast.com\/product\/yoast-seo-premium-wordpress\/ -->\n<title>Sinopec 3008 Marine System Oil - Sinopec Vi\u1ec7t Nam | \u4e2d\u56fd\u77f3\u5316\u6da6\u6ed1\u6cb9<\/title>\n<meta name=\"description\" content=\"Sinopec 3008 Marine System Oil (SAE 30 \/ TBN 8) - D\u1ea7u h\u1ec7 th\u1ed1ng h\u00e0ng h\u1ea3i cao c\u1ea5p chuy\u00ean d\u1ee5ng cho \u0111\u1ed9ng c\u01a1 diesel th\u1ea5p t\u1ed1c. Kh\u1ea3 n\u0103ng trung h\u00f2a axit v\u00e0 t\u00e1ch n\u01b0\u1edbc v\u01b0\u1ee3t tr\u1ed9i. \u4e2d\u56fd\u77f3\u5316 3008 \u8239\u7528\u7cfb\u7edf\u6cb9\uff0c\u9ad8\u6027\u80fd\u4f4e\u901f\u673a\u7cfb\u7edf\u6cb9\uff0c\u63d0\u4f9b\u4f18\u5f02\u7684\u6297\u8150\u8680\u4e0e\u5206\u6c34\u4fdd\u62a4\u3002\" \/>\n<meta name=\"robots\" content=\"index, follow, max-snippet:-1, max-image-preview:large, max-video-preview:-1\" \/>\n<link rel=\"canonical\" href=\"https:\/\/sinopecvietnam.com.vn\/en\/san-pham\/sinopec-3008-marine-system-oil\/\" \/>\n<meta property=\"og:locale\" content=\"en_US\" \/>\n<meta property=\"og:type\" content=\"article\" \/>\n<meta property=\"og:title\" content=\"Sinopec 3008 Marine System Oil\" \/>\n<meta property=\"og:description\" content=\"Sinopec 3008 Marine System Oil (SAE 30 \/ TBN 8) - D\u1ea7u h\u1ec7 th\u1ed1ng h\u00e0ng h\u1ea3i cao c\u1ea5p chuy\u00ean d\u1ee5ng cho \u0111\u1ed9ng c\u01a1 diesel th\u1ea5p t\u1ed1c. Kh\u1ea3 n\u0103ng trung h\u00f2a axit v\u00e0 t\u00e1ch n\u01b0\u1edbc v\u01b0\u1ee3t tr\u1ed9i. \u4e2d\u56fd\u77f3\u5316 3008 \u8239\u7528\u7cfb\u7edf\u6cb9\uff0c\u9ad8\u6027\u80fd\u4f4e\u901f\u673a\u7cfb\u7edf\u6cb9\uff0c\u63d0\u4f9b\u4f18\u5f02\u7684\u6297\u8150\u8680\u4e0e\u5206\u6c34\u4fdd\u62a4\u3002\" \/>\n<meta property=\"og:url\" content=\"https:\/\/sinopecvietnam.com.vn\/en\/san-pham\/sinopec-3008-marine-system-oil\/\" \/>\n<meta property=\"og:site_name\" content=\"Sinopec Vi\u1ec7t Nam | \u4e2d\u56fd\u77f3\u5316\u6da6\u6ed1\u6cb9\" \/>\n<meta property=\"article:publisher\" content=\"https:\/\/www.facebook.com\/PRANAVIETNAM\/\" \/>\n<meta property=\"article:modified_time\" content=\"2026-04-03T04:43:35+00:00\" \/>\n<meta name=\"twitter:card\" content=\"summary_large_image\" \/>\n<meta name=\"twitter:label1\" content=\"Est. reading time\" \/>\n\t<meta name=\"twitter:data1\" content=\"2 minutes\" \/>\n<script type=\"application\/ld+json\" class=\"yoast-schema-graph\">{\"@context\":\"https:\/\/schema.org\",\"@graph\":[{\"@type\":\"WebPage\",\"@id\":\"https:\/\/sinopecvietnam.com.vn\/en\/san-pham\/sinopec-3008-marine-system-oil\/\",\"url\":\"https:\/\/sinopecvietnam.com.vn\/en\/san-pham\/sinopec-3008-marine-system-oil\/\",\"name\":\"Sinopec 3008 Marine System Oil - Sinopec Vi\u1ec7t Nam | \u4e2d\u56fd\u77f3\u5316\u6da6\u6ed1\u6cb9\",\"isPartOf\":{\"@id\":\"https:\/\/sinopecvietnam.com.vn\/#website\"},\"datePublished\":\"2026-04-03T03:25:38+00:00\",\"dateModified\":\"2026-04-03T04:43:35+00:00\",\"description\":\"Sinopec 3008 Marine System Oil (SAE 30 \/ TBN 8) - D\u1ea7u h\u1ec7 th\u1ed1ng h\u00e0ng h\u1ea3i cao c\u1ea5p chuy\u00ean d\u1ee5ng cho \u0111\u1ed9ng c\u01a1 diesel th\u1ea5p t\u1ed1c. Kh\u1ea3 n\u0103ng trung h\u00f2a axit v\u00e0 t\u00e1ch n\u01b0\u1edbc v\u01b0\u1ee3t tr\u1ed9i. \u4e2d\u56fd\u77f3\u5316 3008 \u8239\u7528\u7cfb\u7edf\u6cb9\uff0c\u9ad8\u6027\u80fd\u4f4e\u901f\u673a\u7cfb\u7edf\u6cb9\uff0c\u63d0\u4f9b\u4f18\u5f02\u7684\u6297\u8150\u8680\u4e0e\u5206\u6c34\u4fdd\u62a4\u3002\",\"breadcrumb\":{\"@id\":\"https:\/\/sinopecvietnam.com.vn\/en\/san-pham\/sinopec-3008-marine-system-oil\/#breadcrumb\"},\"inLanguage\":\"en-US\",\"potentialAction\":[{\"@type\":\"ReadAction\",\"target\":[\"https:\/\/sinopecvietnam.com.vn\/en\/san-pham\/sinopec-3008-marine-system-oil\/\"]}]},{\"@type\":\"BreadcrumbList\",\"@id\":\"https:\/\/sinopecvietnam.com.vn\/en\/san-pham\/sinopec-3008-marine-system-oil\/#breadcrumb\",\"itemListElement\":[{\"@type\":\"ListItem\",\"position\":1,\"name\":\"Trang ch\u1ee7\",\"item\":\"https:\/\/sinopecvietnam.com.vn\/en\/\"},{\"@type\":\"ListItem\",\"position\":2,\"name\":\"Shop\",\"item\":\"https:\/\/sinopecvietnam.com.vn\/en\/shop\/\"},{\"@type\":\"ListItem\",\"position\":3,\"name\":\"Sinopec 3008 Marine System Oil\"}]},{\"@type\":\"WebSite\",\"@id\":\"https:\/\/sinopecvietnam.com.vn\/#website\",\"url\":\"https:\/\/sinopecvietnam.com.vn\/\",\"name\":\"Sinopec Vi\u1ec7t Nam | \u4e2d\u56fd\u77f3\u5316\u6da6\u6ed1\u6cb9\",\"description\":\"\u0110\u01a1n v\u1ecb cung c\u1ea5p s\u1ea3n ph\u1ea9m d\u1ea7u h\u00e0ng h\u1ea3i ch\u00ednh h\u00e3ng\",\"publisher\":{\"@id\":\"https:\/\/sinopecvietnam.com.vn\/#organization\"},\"potentialAction\":[{\"@type\":\"SearchAction\",\"target\":{\"@type\":\"EntryPoint\",\"urlTemplate\":\"https:\/\/sinopecvietnam.com.vn\/?s={search_term_string}\"},\"query-input\":{\"@type\":\"PropertyValueSpecification\",\"valueRequired\":true,\"valueName\":\"search_term_string\"}}],\"inLanguage\":\"en-US\"},{\"@type\":\"Organization\",\"@id\":\"https:\/\/sinopecvietnam.com.vn\/#organization\",\"name\":\"Sinopec Vi\u1ec7t Nam\",\"url\":\"https:\/\/sinopecvietnam.com.vn\/\",\"logo\":{\"@type\":\"ImageObject\",\"inLanguage\":\"en-US\",\"@id\":\"https:\/\/sinopecvietnam.com.vn\/#\/schema\/logo\/image\/\",\"url\":\"https:\/\/sinopecvietnam.com.vn\/wp-content\/uploads\/2026\/03\/sinopec-logo-png_seeklogo-284996.png\",\"contentUrl\":\"https:\/\/sinopecvietnam.com.vn\/wp-content\/uploads\/2026\/03\/sinopec-logo-png_seeklogo-284996.png\",\"width\":600,\"height\":600,\"caption\":\"Sinopec Vi\u1ec7t Nam\"},\"image\":{\"@id\":\"https:\/\/sinopecvietnam.com.vn\/#\/schema\/logo\/image\/\"},\"sameAs\":[\"https:\/\/www.facebook.com\/PRANAVIETNAM\/\"]}]}<\/script>\n<!-- \/ Yoast SEO Premium plugin. -->","yoast_head_json":{"title":"Sinopec 3008 Marine System Oil - Sinopec Vi\u1ec7t Nam | \u4e2d\u56fd\u77f3\u5316\u6da6\u6ed1\u6cb9","description":"Sinopec 3008 Marine System Oil (SAE 30 \/ TBN 8) - D\u1ea7u h\u1ec7 th\u1ed1ng h\u00e0ng h\u1ea3i cao c\u1ea5p chuy\u00ean d\u1ee5ng cho \u0111\u1ed9ng c\u01a1 diesel th\u1ea5p t\u1ed1c. Kh\u1ea3 n\u0103ng trung h\u00f2a axit v\u00e0 t\u00e1ch n\u01b0\u1edbc v\u01b0\u1ee3t tr\u1ed9i. \u4e2d\u56fd\u77f3\u5316 3008 \u8239\u7528\u7cfb\u7edf\u6cb9\uff0c\u9ad8\u6027\u80fd\u4f4e\u901f\u673a\u7cfb\u7edf\u6cb9\uff0c\u63d0\u4f9b\u4f18\u5f02\u7684\u6297\u8150\u8680\u4e0e\u5206\u6c34\u4fdd\u62a4\u3002","robots":{"index":"index","follow":"follow","max-snippet":"max-snippet:-1","max-image-preview":"max-image-preview:large","max-video-preview":"max-video-preview:-1"},"canonical":"https:\/\/sinopecvietnam.com.vn\/en\/san-pham\/sinopec-3008-marine-system-oil\/","og_locale":"en_US","og_type":"article","og_title":"Sinopec 3008 Marine System Oil","og_description":"Sinopec 3008 Marine System Oil (SAE 30 \/ TBN 8) - D\u1ea7u h\u1ec7 th\u1ed1ng h\u00e0ng h\u1ea3i cao c\u1ea5p chuy\u00ean d\u1ee5ng cho \u0111\u1ed9ng c\u01a1 diesel th\u1ea5p t\u1ed1c. Kh\u1ea3 n\u0103ng trung h\u00f2a axit v\u00e0 t\u00e1ch n\u01b0\u1edbc v\u01b0\u1ee3t tr\u1ed9i. \u4e2d\u56fd\u77f3\u5316 3008 \u8239\u7528\u7cfb\u7edf\u6cb9\uff0c\u9ad8\u6027\u80fd\u4f4e\u901f\u673a\u7cfb\u7edf\u6cb9\uff0c\u63d0\u4f9b\u4f18\u5f02\u7684\u6297\u8150\u8680\u4e0e\u5206\u6c34\u4fdd\u62a4\u3002","og_url":"https:\/\/sinopecvietnam.com.vn\/en\/san-pham\/sinopec-3008-marine-system-oil\/","og_site_name":"Sinopec Vi\u1ec7t Nam | \u4e2d\u56fd\u77f3\u5316\u6da6\u6ed1\u6cb9","article_publisher":"https:\/\/www.facebook.com\/PRANAVIETNAM\/","article_modified_time":"2026-04-03T04:43:35+00:00","twitter_card":"summary_large_image","twitter_misc":{"Est. reading time":"2 minutes"},"schema":{"@context":"https:\/\/schema.org","@graph":[{"@type":"WebPage","@id":"https:\/\/sinopecvietnam.com.vn\/en\/san-pham\/sinopec-3008-marine-system-oil\/","url":"https:\/\/sinopecvietnam.com.vn\/en\/san-pham\/sinopec-3008-marine-system-oil\/","name":"Sinopec 3008 Marine System Oil - Sinopec Vi\u1ec7t Nam | \u4e2d\u56fd\u77f3\u5316\u6da6\u6ed1\u6cb9","isPartOf":{"@id":"https:\/\/sinopecvietnam.com.vn\/#website"},"datePublished":"2026-04-03T03:25:38+00:00","dateModified":"2026-04-03T04:43:35+00:00","description":"Sinopec 3008 Marine System Oil (SAE 30 \/ TBN 8) - D\u1ea7u h\u1ec7 th\u1ed1ng h\u00e0ng h\u1ea3i cao c\u1ea5p chuy\u00ean d\u1ee5ng cho \u0111\u1ed9ng c\u01a1 diesel th\u1ea5p t\u1ed1c. Kh\u1ea3 n\u0103ng trung h\u00f2a axit v\u00e0 t\u00e1ch n\u01b0\u1edbc v\u01b0\u1ee3t tr\u1ed9i. \u4e2d\u56fd\u77f3\u5316 3008 \u8239\u7528\u7cfb\u7edf\u6cb9\uff0c\u9ad8\u6027\u80fd\u4f4e\u901f\u673a\u7cfb\u7edf\u6cb9\uff0c\u63d0\u4f9b\u4f18\u5f02\u7684\u6297\u8150\u8680\u4e0e\u5206\u6c34\u4fdd\u62a4\u3002","breadcrumb":{"@id":"https:\/\/sinopecvietnam.com.vn\/en\/san-pham\/sinopec-3008-marine-system-oil\/#breadcrumb"},"inLanguage":"en-US","potentialAction":[{"@type":"ReadAction","target":["https:\/\/sinopecvietnam.com.vn\/en\/san-pham\/sinopec-3008-marine-system-oil\/"]}]},{"@type":"BreadcrumbList","@id":"https:\/\/sinopecvietnam.com.vn\/en\/san-pham\/sinopec-3008-marine-system-oil\/#breadcrumb","itemListElement":[{"@type":"ListItem","position":1,"name":"Trang ch\u1ee7","item":"https:\/\/sinopecvietnam.com.vn\/en\/"},{"@type":"ListItem","position":2,"name":"Shop","item":"https:\/\/sinopecvietnam.com.vn\/en\/shop\/"},{"@type":"ListItem","position":3,"name":"Sinopec 3008 Marine System Oil"}]},{"@type":"WebSite","@id":"https:\/\/sinopecvietnam.com.vn\/#website","url":"https:\/\/sinopecvietnam.com.vn\/","name":"Sinopec Vi\u1ec7t Nam | \u4e2d\u56fd\u77f3\u5316\u6da6\u6ed1\u6cb9","description":"\u0110\u01a1n v\u1ecb cung c\u1ea5p s\u1ea3n ph\u1ea9m d\u1ea7u h\u00e0ng h\u1ea3i ch\u00ednh h\u00e3ng","publisher":{"@id":"https:\/\/sinopecvietnam.com.vn\/#organization"},"potentialAction":[{"@type":"SearchAction","target":{"@type":"EntryPoint","urlTemplate":"https:\/\/sinopecvietnam.com.vn\/?s={search_term_string}"},"query-input":{"@type":"PropertyValueSpecification","valueRequired":true,"valueName":"search_term_string"}}],"inLanguage":"en-US"},{"@type":"Organization","@id":"https:\/\/sinopecvietnam.com.vn\/#organization","name":"Sinopec Vi\u1ec7t Nam","url":"https:\/\/sinopecvietnam.com.vn\/","logo":{"@type":"ImageObject","inLanguage":"en-US","@id":"https:\/\/sinopecvietnam.com.vn\/#\/schema\/logo\/image\/","url":"https:\/\/sinopecvietnam.com.vn\/wp-content\/uploads\/2026\/03\/sinopec-logo-png_seeklogo-284996.png","contentUrl":"https:\/\/sinopecvietnam.com.vn\/wp-content\/uploads\/2026\/03\/sinopec-logo-png_seeklogo-284996.png","width":600,"height":600,"caption":"Sinopec Vi\u1ec7t Nam"},"image":{"@id":"https:\/\/sinopecvietnam.com.vn\/#\/schema\/logo\/image\/"},"sameAs":["https:\/\/www.facebook.com\/PRANAVIETNAM\/"]}]}},"_links":{"self":[{"href":"https:\/\/sinopecvietnam.com.vn\/en\/wp-json\/wp\/v2\/product\/2804","targetHints":{"allow":["GET"]}}],"collection":[{"href":"https:\/\/sinopecvietnam.com.vn\/en\/wp-json\/wp\/v2\/product"}],"about":[{"href":"https:\/\/sinopecvietnam.com.vn\/en\/wp-json\/wp\/v2\/types\/product"}],"wp:attachment":[{"href":"https:\/\/sinopecvietnam.com.vn\/en\/wp-json\/wp\/v2\/media?parent=2804"}],"wp:term":[{"taxonomy":"product_brand","embeddable":true,"href":"https:\/\/sinopecvietnam.com.vn\/en\/wp-json\/wp\/v2\/product_brand?post=2804"},{"taxonomy":"product_cat","embeddable":true,"href":"https:\/\/sinopecvietnam.com.vn\/en\/wp-json\/wp\/v2\/product_cat?post=2804"},{"taxonomy":"product_tag","embeddable":true,"href":"https:\/\/sinopecvietnam.com.vn\/en\/wp-json\/wp\/v2\/product_tag?post=2804"}],"curies":[{"name":"wp","href":"https:\/\/api.w.org\/{rel}","templated":true}]}}